{"id":1910,"date":"2024-11-05T22:35:07","date_gmt":"2024-11-05T22:35:07","guid":{"rendered":"https:\/\/hostedbyexpresso.com\/clients\/genericPharma\/ni\/?page_id=1910"},"modified":"2024-11-06T23:07:21","modified_gmt":"2024-11-06T23:07:21","slug":"antitiroideo","status":"publish","type":"page","link":"https:\/\/hostedbyexpresso.com\/clients\/genericPharma\/ni\/antitiroideo\/","title":{"rendered":"Antitiroideo"},"content":{"rendered":"\t\t<div data-elementor-type=\"wp-page\" data-elementor-id=\"1910\" class=\"elementor elementor-1910\">\n\t\t\t\t<div class=\"elementor-element elementor-element-8f1fa2f e-flex e-con-boxed e-con e-parent\" data-id=\"8f1fa2f\" data-element_type=\"container\" data-settings=\"{&quot;background_background&quot;:&quot;classic&quot;}\">\n\t\t\t\t\t<div class=\"e-con-inner\">\n\t\t\t\t<div class=\"elementor-element elementor-element-9f9ce64 elementor-widget elementor-widget-heading\" data-id=\"9f9ce64\" data-element_type=\"widget\" data-widget_type=\"heading.default\">\n\t\t\t\t<div class=\"elementor-widget-container\">\n\t\t\t<h2 class=\"elementor-heading-title elementor-size-default\">Linea Antitiroideo<\/h2>\t\t<\/div>\n\t\t\t\t<\/div>\n\t\t\t\t\t<\/div>\n\t\t\t\t<\/div>\n\t\t\t\t<section class=\"elementor-section elementor-top-section elementor-element elementor-element-207f004 elementor-section-full_width elementor-section-height-default elementor-section-height-default\" data-id=\"207f004\" data-element_type=\"section\" data-settings=\"{&quot;background_background&quot;:&quot;classic&quot;}\">\n\t\t\t\t\t\t<div class=\"elementor-container elementor-column-gap-no\">\n\t\t\t\t\t<div class=\"elementor-column elementor-col-100 elementor-top-column elementor-element elementor-element-8411027\" data-id=\"8411027\" data-element_type=\"column\">\n\t\t\t<div class=\"elementor-widget-wrap elementor-element-populated\">\n\t\t\t\t\t\t<div class=\"elementor-element elementor-element-426ac3c elementor-widget elementor-widget-tp-team\" data-id=\"426ac3c\" data-element_type=\"widget\" id=\"IndividualContainerTi\" data-widget_type=\"tp-team.default\">\n\t\t\t\t<div class=\"elementor-widget-container\">\n\t\t\t\r\n<!-- style 2 -->\r\n<div class=\"row\">\r\n        <div class=\"col-xl-12 col-lg-12 col-md-12 col-12\">\r\n        <div class=\"tp-team mb-50 wow fadeInUp\" data-wow-delay=\".2s\">\r\n                            <div class=\"tp-team__thumb fix\">\r\n                    <img decoding=\"async\" src=\"https:\/\/hostedbyexpresso.com\/clients\/genericPharma\/ni\/wp-content\/uploads\/sites\/3\/2024\/11\/55.png\" alt=\"\">\r\n                <\/div>\r\n                        <div class=\"tp-team__content\">\r\n                <h4 class=\"tp-team__title mb-15 ele-item-name\"><a href=\"\">TIRODRIL<\/a><\/h4>\r\n                                    <span class=\"tp-team__position mb-30 ele-item-desi\">5 mg<\/span>\r\n                \r\n                                    <p class=\"ele-item-content\"><ul>\n  <li>\n    <strong>Composici\u00f3n<\/strong>\n    <ul>\n      <li>Cada comprimido contiene: 5 mg de tiamazol (metimazol).<\/li>\n    <\/ul>\n  <\/li>\n  <li>\n    <strong>Indicaciones<\/strong>\n    <ul>\n      <li>Tirodril se utiliza para tratar el hipertiroidismo y las crisis tirotoxicas en adultos y ni\u00f1os mayores de 12 a\u00f1os.<\/li>\n      <li>Tambi\u00e9n se emplea para preparar a pacientes con hipertiroidismo para la tiroidectom\u00eda y para la aplicaci\u00f3n de yodo radioactivo.<\/li>\n      <li>Adem\u00e1s, se usa de manera profil\u00e1ctica en casos de hipertiroidismo subcl\u00ednico, adenomas aut\u00f3nomos o en pacientes con antecedentes de hipertiroidismo que requieren exposici\u00f3n al yodo.<\/li>\n    <\/ul>\n  <\/li>\n  <li>\n    <strong>V\u00eda de administraci\u00f3n<\/strong>\n    <ul>\n      <li>Oral.<\/li>\n    <\/ul>\n  <\/li>\n  <li>\n    <strong>Presentaci\u00f3n<\/strong>\n    <ul>\n      <li>Caja conteniendo 40 comprimidos en bl\u00edster y prospecto.<\/li>\n    <\/ul>\n  <\/li>\n<\/ul>\n<\/p>\r\n                                            <\/div>\r\n        <\/div>\r\n    <\/div>\r\n    <\/div>\r\n\r\n\r\n<!-- style default -->\r\n\t\t<\/div>\n\t\t\t\t<\/div>\n\t\t\t\t\t<\/div>\n\t\t<\/div>\n\t\t\t\t\t<\/div>\n\t\t<\/section>\n\t\t\t\t<\/div>\n\t\t","protected":false},"excerpt":{"rendered":"<p>Linea Antitiroideo TIRODRIL 5 mg Composici\u00f3n Cada comprimido contiene: 5 mg de tiamazol (metimazol). Indicaciones Tirodril se utiliza para tratar el hipertiroidismo y las crisis tirotoxicas en adultos y ni\u00f1os mayores de 12 a\u00f1os. Tambi\u00e9n se emplea para preparar a pacientes con hipertiroidismo para la tiroidectom\u00eda y para la aplicaci\u00f3n de yodo radioactivo. Adem\u00e1s, se [&hellip;]<\/p>\n","protected":false},"author":1,"featured_media":0,"parent":0,"menu_order":0,"comment_status":"closed","ping_status":"closed","template":"","meta":{"footnotes":""},"class_list":["post-1910","page","type-page","status-publish","hentry"],"acf":[],"_links":{"self":[{"href":"https:\/\/hostedbyexpresso.com\/clients\/genericPharma\/ni\/wp-json\/wp\/v2\/pages\/1910"}],"collection":[{"href":"https:\/\/hostedbyexpresso.com\/clients\/genericPharma\/ni\/wp-json\/wp\/v2\/pages"}],"about":[{"href":"https:\/\/hostedbyexpresso.com\/clients\/genericPharma\/ni\/wp-json\/wp\/v2\/types\/page"}],"author":[{"embeddable":true,"href":"https:\/\/hostedbyexpresso.com\/clients\/genericPharma\/ni\/wp-json\/wp\/v2\/users\/1"}],"replies":[{"embeddable":true,"href":"https:\/\/hostedbyexpresso.com\/clients\/genericPharma\/ni\/wp-json\/wp\/v2\/comments?post=1910"}],"version-history":[{"count":4,"href":"https:\/\/hostedbyexpresso.com\/clients\/genericPharma\/ni\/wp-json\/wp\/v2\/pages\/1910\/revisions"}],"predecessor-version":[{"id":1966,"href":"https:\/\/hostedbyexpresso.com\/clients\/genericPharma\/ni\/wp-json\/wp\/v2\/pages\/1910\/revisions\/1966"}],"wp:attachment":[{"href":"https:\/\/hostedbyexpresso.com\/clients\/genericPharma\/ni\/wp-json\/wp\/v2\/media?parent=1910"}],"curies":[{"name":"wp","href":"https:\/\/api.w.org\/{rel}","templated":true}]}}