{"id":1906,"date":"2024-11-05T22:33:31","date_gmt":"2024-11-05T22:33:31","guid":{"rendered":"https:\/\/hostedbyexpresso.com\/clients\/genericPharma\/ni\/?page_id=1906"},"modified":"2024-11-06T22:58:00","modified_gmt":"2024-11-06T22:58:00","slug":"nefrologia","status":"publish","type":"page","link":"https:\/\/hostedbyexpresso.com\/clients\/genericPharma\/ni\/nefrologia\/","title":{"rendered":"\u00a0Nefrolog\u00eda"},"content":{"rendered":"\t\t<div data-elementor-type=\"wp-page\" data-elementor-id=\"1906\" class=\"elementor elementor-1906\">\n\t\t\t\t<div class=\"elementor-element elementor-element-582c6bb e-flex e-con-boxed e-con e-parent\" data-id=\"582c6bb\" data-element_type=\"container\" data-settings=\"{&quot;background_background&quot;:&quot;classic&quot;}\">\n\t\t\t\t\t<div class=\"e-con-inner\">\n\t\t\t\t<div class=\"elementor-element elementor-element-cb3776d elementor-widget elementor-widget-heading\" data-id=\"cb3776d\" data-element_type=\"widget\" data-widget_type=\"heading.default\">\n\t\t\t\t<div class=\"elementor-widget-container\">\n\t\t\t<h2 class=\"elementor-heading-title elementor-size-default\">Linea Nefrologica<\/h2>\t\t<\/div>\n\t\t\t\t<\/div>\n\t\t\t\t\t<\/div>\n\t\t\t\t<\/div>\n\t\t\t\t<section class=\"elementor-section elementor-top-section elementor-element elementor-element-ef6b19c elementor-section-full_width elementor-section-height-default elementor-section-height-default\" data-id=\"ef6b19c\" data-element_type=\"section\" data-settings=\"{&quot;background_background&quot;:&quot;classic&quot;}\">\n\t\t\t\t\t\t<div class=\"elementor-container elementor-column-gap-no\">\n\t\t\t\t\t<div class=\"elementor-column elementor-col-100 elementor-top-column elementor-element elementor-element-ffef1fa\" data-id=\"ffef1fa\" data-element_type=\"column\">\n\t\t\t<div class=\"elementor-widget-wrap elementor-element-populated\">\n\t\t\t\t\t\t<div class=\"elementor-element elementor-element-c65013a elementor-widget elementor-widget-tp-team\" data-id=\"c65013a\" data-element_type=\"widget\" id=\"IndividualContainerRes\" data-widget_type=\"tp-team.default\">\n\t\t\t\t<div class=\"elementor-widget-container\">\n\t\t\t\r\n<!-- style 2 -->\r\n<div class=\"row\">\r\n        <div class=\"col-xl-12 col-lg-12 col-md-12 col-12\">\r\n        <div class=\"tp-team mb-50 wow fadeInUp\" data-wow-delay=\".2s\">\r\n                            <div class=\"tp-team__thumb fix\">\r\n                    <img decoding=\"async\" src=\"https:\/\/hostedbyexpresso.com\/clients\/genericPharma\/ni\/wp-content\/uploads\/sites\/3\/2024\/11\/59.png\" alt=\"\">\r\n                <\/div>\r\n                        <div class=\"tp-team__content\">\r\n                <h4 class=\"tp-team__title mb-15 ele-item-name\"><a href=\"\">RESINCALCIO<\/a><\/h4>\r\n                                    <span class=\"tp-team__position mb-30 ele-item-desi\"> 99.75%<\/span>\r\n                \r\n                                    <p class=\"ele-item-content\"><ul>\n  <li>\n    <strong>Composici\u00f3n<\/strong>\n    <ul>\n      <li>Cada 100 g de polvo para suspensi\u00f3n oral contienen 99,75 g de poliestireno sulfonato c\u00e1lcico.<\/li>\n    <\/ul>\n  <\/li>\n  <li>\n    <strong>Indicaciones<\/strong>\n    <ul>\n      <li>Resincalcio polvo para suspensi\u00f3n oral est\u00e1 indicado en el tratamiento y la prevenci\u00f3n de la hiperpotasemia.<\/li>\n    <\/ul>\n  <\/li>\n  <li>\n    <strong>V\u00eda de administraci\u00f3n<\/strong>\n    <ul>\n      <li>Oral.<\/li>\n    <\/ul>\n  <\/li>\n  <li>\n    <strong>Presentaci\u00f3n<\/strong>\n    <ul>\n      <li>Caja con 26 sobres con 15 g de polvo para suspensi\u00f3n oral y prospecto.<\/li>\n    <\/ul>\n  <\/li>\n<\/ul>\n<\/p>\r\n                                            <\/div>\r\n        <\/div>\r\n    <\/div>\r\n    <\/div>\r\n\r\n\r\n<!-- style default -->\r\n\t\t<\/div>\n\t\t\t\t<\/div>\n\t\t\t\t\t<\/div>\n\t\t<\/div>\n\t\t\t\t\t<\/div>\n\t\t<\/section>\n\t\t\t\t<\/div>\n\t\t","protected":false},"excerpt":{"rendered":"<p>Linea Nefrologica RESINCALCIO 99.75% Composici\u00f3n Cada 100 g de polvo para suspensi\u00f3n oral contienen 99,75 g de poliestireno sulfonato c\u00e1lcico. Indicaciones Resincalcio polvo para suspensi\u00f3n oral est\u00e1 indicado en el tratamiento y la prevenci\u00f3n de la hiperpotasemia. V\u00eda de administraci\u00f3n Oral. Presentaci\u00f3n Caja con 26 sobres con 15 g de polvo para suspensi\u00f3n oral y [&hellip;]<\/p>\n","protected":false},"author":1,"featured_media":0,"parent":0,"menu_order":0,"comment_status":"closed","ping_status":"closed","template":"","meta":{"footnotes":""},"class_list":["post-1906","page","type-page","status-publish","hentry"],"acf":[],"_links":{"self":[{"href":"https:\/\/hostedbyexpresso.com\/clients\/genericPharma\/ni\/wp-json\/wp\/v2\/pages\/1906"}],"collection":[{"href":"https:\/\/hostedbyexpresso.com\/clients\/genericPharma\/ni\/wp-json\/wp\/v2\/pages"}],"about":[{"href":"https:\/\/hostedbyexpresso.com\/clients\/genericPharma\/ni\/wp-json\/wp\/v2\/types\/page"}],"author":[{"embeddable":true,"href":"https:\/\/hostedbyexpresso.com\/clients\/genericPharma\/ni\/wp-json\/wp\/v2\/users\/1"}],"replies":[{"embeddable":true,"href":"https:\/\/hostedbyexpresso.com\/clients\/genericPharma\/ni\/wp-json\/wp\/v2\/comments?post=1906"}],"version-history":[{"count":4,"href":"https:\/\/hostedbyexpresso.com\/clients\/genericPharma\/ni\/wp-json\/wp\/v2\/pages\/1906\/revisions"}],"predecessor-version":[{"id":1958,"href":"https:\/\/hostedbyexpresso.com\/clients\/genericPharma\/ni\/wp-json\/wp\/v2\/pages\/1906\/revisions\/1958"}],"wp:attachment":[{"href":"https:\/\/hostedbyexpresso.com\/clients\/genericPharma\/ni\/wp-json\/wp\/v2\/media?parent=1906"}],"curies":[{"name":"wp","href":"https:\/\/api.w.org\/{rel}","templated":true}]}}