{"id":1904,"date":"2024-11-05T22:32:10","date_gmt":"2024-11-05T22:32:10","guid":{"rendered":"https:\/\/hostedbyexpresso.com\/clients\/genericPharma\/ni\/?page_id=1904"},"modified":"2024-11-06T22:52:40","modified_gmt":"2024-11-06T22:52:40","slug":"metabolico","status":"publish","type":"page","link":"https:\/\/hostedbyexpresso.com\/clients\/genericPharma\/ni\/metabolico\/","title":{"rendered":"Metabolico"},"content":{"rendered":"\t\t<div data-elementor-type=\"wp-page\" data-elementor-id=\"1904\" class=\"elementor elementor-1904\">\n\t\t\t\t<div class=\"elementor-element elementor-element-52fc3d8 e-flex e-con-boxed e-con e-parent\" data-id=\"52fc3d8\" data-element_type=\"container\" data-settings=\"{&quot;background_background&quot;:&quot;classic&quot;}\">\n\t\t\t\t\t<div class=\"e-con-inner\">\n\t\t\t\t<div class=\"elementor-element elementor-element-445ad01 elementor-widget elementor-widget-heading\" data-id=\"445ad01\" data-element_type=\"widget\" data-widget_type=\"heading.default\">\n\t\t\t\t<div class=\"elementor-widget-container\">\n\t\t\t<h2 class=\"elementor-heading-title elementor-size-default\">Linea Metabolica <\/h2>\t\t<\/div>\n\t\t\t\t<\/div>\n\t\t\t\t\t<\/div>\n\t\t\t\t<\/div>\n\t\t\t\t<section class=\"elementor-section elementor-top-section elementor-element elementor-element-247fc29 elementor-section-full_width elementor-section-height-default elementor-section-height-default\" data-id=\"247fc29\" data-element_type=\"section\" data-settings=\"{&quot;background_background&quot;:&quot;classic&quot;}\">\n\t\t\t\t\t\t<div class=\"elementor-container elementor-column-gap-no\">\n\t\t\t\t\t<div class=\"elementor-column elementor-col-100 elementor-top-column elementor-element elementor-element-805dff1\" data-id=\"805dff1\" data-element_type=\"column\">\n\t\t\t<div class=\"elementor-widget-wrap elementor-element-populated\">\n\t\t\t\t\t\t<div class=\"elementor-element elementor-element-24b2e10 elementor-widget elementor-widget-tp-team\" data-id=\"24b2e10\" data-element_type=\"widget\" id=\"IndividualContainerUr\" data-widget_type=\"tp-team.default\">\n\t\t\t\t<div class=\"elementor-widget-container\">\n\t\t\t\r\n<!-- style 2 -->\r\n<div class=\"row\">\r\n        <div class=\"col-xl-12 col-lg-12 col-md-12 col-12\">\r\n        <div class=\"tp-team mb-50 wow fadeInUp\" data-wow-delay=\".2s\">\r\n                            <div class=\"tp-team__thumb fix\">\r\n                    <img decoding=\"async\" src=\"https:\/\/hostedbyexpresso.com\/clients\/genericPharma\/ni\/wp-content\/uploads\/sites\/3\/2024\/11\/48.png\" alt=\"\">\r\n                <\/div>\r\n                        <div class=\"tp-team__content\">\r\n                <h4 class=\"tp-team__title mb-15 ele-item-name\"><a href=\"\">URSOBILANE<\/a><\/h4>\r\n                                    <span class=\"tp-team__position mb-30 ele-item-desi\">300 g <\/span>\r\n                \r\n                                    <p class=\"ele-item-content\"><ul>\n  <li>\n    <strong>Composici\u00f3n<\/strong>\n    <ul>\n      <li>Cada c\u00e1psula contiene 300 mg de \u00e1cido ursodesoxic\u00f3lico.<\/li>\n    <\/ul>\n  <\/li>\n  <li>\n    <strong>Indicaciones<\/strong>\n    <ul>\n      <li>Se utiliza para disolver c\u00e1lculos biliares de colesterol siempre que \u00e9stos sean radiotransparentes y la ves\u00edcula biliar funcionante (verificada por colecistograf\u00eda oral).<\/li>\n      <li>Para tratar la cirrosis biliar primaria.<\/li>\n    <\/ul>\n  <\/li>\n  <li>\n    <strong>V\u00eda de administraci\u00f3n<\/strong>\n    <ul>\n      <li>Oral.<\/li>\n    <\/ul>\n  <\/li>\n  <li>\n    <strong>Presentaci\u00f3n<\/strong>\n    <ul>\n      <li>Caja conteniendo 60 c\u00e1psulas en bl\u00edster m\u00e1s prospecto.<\/li>\n    <\/ul>\n  <\/li>\n<\/ul>\n<\/p>\r\n                                            <\/div>\r\n        <\/div>\r\n    <\/div>\r\n    <\/div>\r\n\r\n\r\n<!-- style default -->\r\n\t\t<\/div>\n\t\t\t\t<\/div>\n\t\t\t\t\t<\/div>\n\t\t<\/div>\n\t\t\t\t\t<\/div>\n\t\t<\/section>\n\t\t\t\t<\/div>\n\t\t","protected":false},"excerpt":{"rendered":"<p>Linea Metabolica URSOBILANE 300 g Composici\u00f3n Cada c\u00e1psula contiene 300 mg de \u00e1cido ursodesoxic\u00f3lico. Indicaciones Se utiliza para disolver c\u00e1lculos biliares de colesterol siempre que \u00e9stos sean radiotransparentes y la ves\u00edcula biliar funcionante (verificada por colecistograf\u00eda oral). Para tratar la cirrosis biliar primaria. V\u00eda de administraci\u00f3n Oral. Presentaci\u00f3n Caja conteniendo 60 c\u00e1psulas en bl\u00edster m\u00e1s [&hellip;]<\/p>\n","protected":false},"author":1,"featured_media":0,"parent":0,"menu_order":0,"comment_status":"closed","ping_status":"closed","template":"","meta":{"footnotes":""},"class_list":["post-1904","page","type-page","status-publish","hentry"],"acf":[],"_links":{"self":[{"href":"https:\/\/hostedbyexpresso.com\/clients\/genericPharma\/ni\/wp-json\/wp\/v2\/pages\/1904"}],"collection":[{"href":"https:\/\/hostedbyexpresso.com\/clients\/genericPharma\/ni\/wp-json\/wp\/v2\/pages"}],"about":[{"href":"https:\/\/hostedbyexpresso.com\/clients\/genericPharma\/ni\/wp-json\/wp\/v2\/types\/page"}],"author":[{"embeddable":true,"href":"https:\/\/hostedbyexpresso.com\/clients\/genericPharma\/ni\/wp-json\/wp\/v2\/users\/1"}],"replies":[{"embeddable":true,"href":"https:\/\/hostedbyexpresso.com\/clients\/genericPharma\/ni\/wp-json\/wp\/v2\/comments?post=1904"}],"version-history":[{"count":4,"href":"https:\/\/hostedbyexpresso.com\/clients\/genericPharma\/ni\/wp-json\/wp\/v2\/pages\/1904\/revisions"}],"predecessor-version":[{"id":1954,"href":"https:\/\/hostedbyexpresso.com\/clients\/genericPharma\/ni\/wp-json\/wp\/v2\/pages\/1904\/revisions\/1954"}],"wp:attachment":[{"href":"https:\/\/hostedbyexpresso.com\/clients\/genericPharma\/ni\/wp-json\/wp\/v2\/media?parent=1904"}],"curies":[{"name":"wp","href":"https:\/\/api.w.org\/{rel}","templated":true}]}}