{"id":1902,"date":"2024-11-05T22:31:31","date_gmt":"2024-11-05T22:31:31","guid":{"rendered":"https:\/\/hostedbyexpresso.com\/clients\/genericPharma\/ni\/?page_id=1902"},"modified":"2024-11-06T22:45:54","modified_gmt":"2024-11-06T22:45:54","slug":"ginecologico","status":"publish","type":"page","link":"https:\/\/hostedbyexpresso.com\/clients\/genericPharma\/ni\/ginecologico\/","title":{"rendered":"Ginecologico"},"content":{"rendered":"\t\t<div data-elementor-type=\"wp-page\" data-elementor-id=\"1902\" class=\"elementor elementor-1902\">\n\t\t\t\t<div class=\"elementor-element elementor-element-23b7379 e-flex e-con-boxed e-con e-parent\" data-id=\"23b7379\" data-element_type=\"container\" data-settings=\"{&quot;background_background&quot;:&quot;classic&quot;}\">\n\t\t\t\t\t<div class=\"e-con-inner\">\n\t\t\t\t<div class=\"elementor-element elementor-element-8bc4881 elementor-widget elementor-widget-heading\" data-id=\"8bc4881\" data-element_type=\"widget\" data-widget_type=\"heading.default\">\n\t\t\t\t<div class=\"elementor-widget-container\">\n\t\t\t<h2 class=\"elementor-heading-title elementor-size-default\">Linea Ginecologica<\/h2>\t\t<\/div>\n\t\t\t\t<\/div>\n\t\t\t\t\t<\/div>\n\t\t\t\t<\/div>\n\t\t<div class=\"elementor-element elementor-element-717c9da e-flex e-con-boxed e-con e-parent\" data-id=\"717c9da\" data-element_type=\"container\" data-settings=\"{&quot;background_background&quot;:&quot;classic&quot;}\">\n\t\t\t\t\t<div class=\"e-con-inner\">\n\t\t\t\t<div class=\"elementor-element elementor-element-67ae787 elementor-widget elementor-widget-heading\" data-id=\"67ae787\" data-element_type=\"widget\" data-widget_type=\"heading.default\">\n\t\t\t\t<div class=\"elementor-widget-container\">\n\t\t\t<h2 class=\"elementor-heading-title elementor-size-default\">____ \u00d3VULOS<\/h2>\t\t<\/div>\n\t\t\t\t<\/div>\n\t\t\t\t\t<\/div>\n\t\t\t\t<\/div>\n\t\t\t\t<section class=\"elementor-section elementor-top-section elementor-element elementor-element-3d0d320 elementor-section-full_width elementor-section-height-default elementor-section-height-default\" data-id=\"3d0d320\" data-element_type=\"section\" data-settings=\"{&quot;background_background&quot;:&quot;classic&quot;}\">\n\t\t\t\t\t\t<div class=\"elementor-container elementor-column-gap-no\">\n\t\t\t\t\t<div class=\"elementor-column elementor-col-100 elementor-top-column elementor-element elementor-element-3e6ac4b\" data-id=\"3e6ac4b\" data-element_type=\"column\">\n\t\t\t<div class=\"elementor-widget-wrap elementor-element-populated\">\n\t\t\t\t\t\t<div class=\"elementor-element elementor-element-f0c27de elementor-widget elementor-widget-tp-team\" data-id=\"f0c27de\" data-element_type=\"widget\" data-widget_type=\"tp-team.default\">\n\t\t\t\t<div class=\"elementor-widget-container\">\n\t\t\t\r\n<!-- style 2 -->\r\n<div class=\"row\">\r\n        <div class=\"col-xl-4 col-lg-4 col-md-6 col-12\">\r\n        <div class=\"tp-team mb-50 wow fadeInUp\" data-wow-delay=\".2s\">\r\n                            <div class=\"tp-team__thumb fix\">\r\n                    <img decoding=\"async\" src=\"https:\/\/hostedbyexpresso.com\/clients\/genericPharma\/ni\/wp-content\/uploads\/sites\/3\/2024\/11\/38.png\" alt=\"\">\r\n                <\/div>\r\n                        <div class=\"tp-team__content\">\r\n                <h4 class=\"tp-team__title mb-15 ele-item-name\"><a href=\"https:\/\/wp.hixstudio.net\/bioxlab\/team-details\/\">VAGILEN \u00d3VULOS <\/a><\/h4>\r\n                \r\n                                    <p class=\"ele-item-content\"><ul>\n  <li>\n    <strong>Composici\u00f3n<\/strong>\n    <ul>\n      <li>Metronidazol (500 mg)<\/li>\n      <li>Nistatina (100K UI)<\/li>\n      <li>Sulfato de neomicina (5 mg)<\/li>\n      <li>Dexametasona (0,20 mg)<\/li>\n      <li>Lidoca\u00edna base (10 mg)<\/li>\n    <\/ul>\n  <\/li>\n  <li>\n    <strong>Indicaciones<\/strong>\n    <ul>\n      <li>En tricomoniasis sintom\u00e1ticas y asintom\u00e1ticas.<\/li>\n      <li>Vaginosis bacteriana producidas por Gardnerella vaginalis, anaerobios, Mobiluncus, Mycoplasma.<\/li>\n      <li>Candidiasis vulvovaginales causada por Candida albicans y otras especies de C\u00e1ndidas.<\/li>\n      <li>Vulvitis y vulvovaginitis inespec\u00edficas: al\u00e9rgicas, irritativas y traum\u00e1ticas.<\/li>\n    <\/ul>\n  <\/li>\n  <li>\n    <strong>V\u00eda de administraci\u00f3n<\/strong>\n    <ul>\n      <li>Vaginal.<\/li>\n    <\/ul>\n  <\/li>\n  <li>\n    <strong>Presentaci\u00f3n<\/strong>\n    <ul>\n      <li>\u00d3vulo liposoluble y con forma anat\u00f3mica, facilitando la aplicaci\u00f3n y absorci\u00f3n de sus principios activos, con sistema Peel Off.<\/li>\n      <li>Caja con 6 \u00f3vulos en cintas y prospecto.<\/li>\n    <\/ul>\n  <\/li>\n<\/ul>\n<\/p>\r\n                                            <\/div>\r\n        <\/div>\r\n    <\/div>\r\n        <div class=\"col-xl-4 col-lg-4 col-md-6 col-12\">\r\n        <div class=\"tp-team mb-50 wow fadeInUp\" data-wow-delay=\".2s\">\r\n                            <div class=\"tp-team__thumb fix\">\r\n                    <img decoding=\"async\" src=\"https:\/\/hostedbyexpresso.com\/clients\/genericPharma\/ni\/wp-content\/uploads\/sites\/3\/2024\/11\/39.png\" alt=\"\">\r\n                <\/div>\r\n                        <div class=\"tp-team__content\">\r\n                <h4 class=\"tp-team__title mb-15 ele-item-name\"><a href=\"\">FRONT 2 <\/a><\/h4>\r\n                                    <span class=\"tp-team__position mb-30 ele-item-desi\">100 mg x 400 mg<\/span>\r\n                \r\n                                    <p class=\"ele-item-content\"><ul>\n  <li>\n    <strong>Composici\u00f3n<\/strong>\n    <ul>\n      <li>Cada \u00f3vulo vaginal contiene clindamicina (como clindamicina fosfato 100 mg) y ketoconazol (400 mg).<\/li>\n    <\/ul>\n  <\/li>\n  <li>\n    <strong>Indicaciones<\/strong>\n    <ul>\n      <li>Tratamiento de la vaginosis bacteriana originada por Gardnerella vaginalis, Mobiluncus spp, y otras bacterias anaerobias como Bacteroides fragilis.<\/li>\n      <li>Tratamiento de vaginitis mixtas y candidiasis vaginal.<\/li>\n    <\/ul>\n  <\/li>\n  <li>\n    <strong>V\u00eda de administraci\u00f3n<\/strong>\n    <ul>\n      <li>Intravaginal.<\/li>\n    <\/ul>\n  <\/li>\n  <li>\n    <strong>Presentaci\u00f3n<\/strong>\n    <ul>\n      <li>\u00d3vulo liposoluble y con forma anat\u00f3mica, facilitando la aplicaci\u00f3n y absorci\u00f3n de sus principios activos, con sistema Peel Off.<\/li>\n      <li>Caja con 7 \u00f3vulos en alveolos con prospecto.<\/li>\n    <\/ul>\n  <\/li>\n<\/ul>\n<\/p>\r\n                                            <\/div>\r\n        <\/div>\r\n    <\/div>\r\n    <\/div>\r\n\r\n\r\n<!-- style default -->\r\n\t\t<\/div>\n\t\t\t\t<\/div>\n\t\t\t\t\t<\/div>\n\t\t<\/div>\n\t\t\t\t\t<\/div>\n\t\t<\/section>\n\t\t<div class=\"elementor-element elementor-element-9ff352f e-flex e-con-boxed e-con e-parent\" data-id=\"9ff352f\" data-element_type=\"container\" data-settings=\"{&quot;background_background&quot;:&quot;classic&quot;}\">\n\t\t\t\t\t<div class=\"e-con-inner\">\n\t\t\t\t<div class=\"elementor-element elementor-element-ad44904 elementor-widget elementor-widget-heading\" data-id=\"ad44904\" data-element_type=\"widget\" data-widget_type=\"heading.default\">\n\t\t\t\t<div class=\"elementor-widget-container\">\n\t\t\t<h2 class=\"elementor-heading-title elementor-size-default\">____ ANTIHIPERTENSIVO\nGESTACIONAL<\/h2>\t\t<\/div>\n\t\t\t\t<\/div>\n\t\t\t\t\t<\/div>\n\t\t\t\t<\/div>\n\t\t\t\t<section class=\"elementor-section elementor-top-section elementor-element elementor-element-e93d6e6 elementor-section-full_width elementor-section-height-default elementor-section-height-default\" data-id=\"e93d6e6\" data-element_type=\"section\" data-settings=\"{&quot;background_background&quot;:&quot;classic&quot;}\">\n\t\t\t\t\t\t<div class=\"elementor-container elementor-column-gap-no\">\n\t\t\t\t\t<div class=\"elementor-column elementor-col-100 elementor-top-column elementor-element elementor-element-8176265\" data-id=\"8176265\" data-element_type=\"column\">\n\t\t\t<div class=\"elementor-widget-wrap elementor-element-populated\">\n\t\t\t\t\t\t<div class=\"elementor-element elementor-element-d0a21d7 elementor-widget elementor-widget-tp-team\" data-id=\"d0a21d7\" data-element_type=\"widget\" data-widget_type=\"tp-team.default\">\n\t\t\t\t<div class=\"elementor-widget-container\">\n\t\t\t\r\n<!-- style 2 -->\r\n<div class=\"row\">\r\n        <div class=\"col-xl-4 col-lg-4 col-md-6 col-12\">\r\n        <div class=\"tp-team mb-50 wow fadeInUp\" data-wow-delay=\".2s\">\r\n                            <div class=\"tp-team__thumb fix\">\r\n                    <img decoding=\"async\" src=\"https:\/\/hostedbyexpresso.com\/clients\/genericPharma\/ni\/wp-content\/uploads\/sites\/3\/2024\/11\/43.png\" alt=\"\">\r\n                <\/div>\r\n                        <div class=\"tp-team__content\">\r\n                <h4 class=\"tp-team__title mb-15 ele-item-name\"><a href=\"\">BIASCOR <\/a><\/h4>\r\n                                    <span class=\"tp-team__position mb-30 ele-item-desi\">5 mg \/ 1 mL<\/span>\r\n                \r\n                                    <p class=\"ele-item-content\"><ul>\n  <li>\n    <strong>Composici\u00f3n<\/strong>\n    <ul>\n      <li>Cada mililitro contiene clorhidrato de labetalol (5 mg).<\/li>\n      <li>Por su mayor tolerancia y seguridad, es el antihipertensivo de primera elecci\u00f3n durante el embarazo, seg\u00fan las gu\u00edas nacionales e internacionales.<\/li>\n    <\/ul>\n  <\/li>\n  <li>\n    <strong>Indicaciones<\/strong>\n    <ul>\n      <li>Cada ampolla de clorhidrato de labetalol est\u00e1 indicado para el control de la presi\u00f3n sangu\u00ednea en casos de severa hipertensi\u00f3n.<\/li>\n    <\/ul>\n  <\/li>\n  <li>\n    <strong>V\u00eda de administraci\u00f3n<\/strong>\n    <ul>\n      <li>Intravenosa.<\/li>\n    <\/ul>\n  <\/li>\n  <li>\n    <strong>Presentaci\u00f3n<\/strong>\n    <ul>\n      <li>Caja con 10 ampollas con 4 mL de soluci\u00f3n inyectable en bandeja m\u00e1s inserto.<\/li>\n    <\/ul>\n  <\/li>\n<\/ul>\n<\/p>\r\n                                            <\/div>\r\n        <\/div>\r\n    <\/div>\r\n        <div class=\"col-xl-4 col-lg-4 col-md-6 col-12\">\r\n        <div class=\"tp-team mb-50 wow fadeInUp\" data-wow-delay=\".2s\">\r\n                            <div class=\"tp-team__thumb fix\">\r\n                    <img decoding=\"async\" src=\"https:\/\/hostedbyexpresso.com\/clients\/genericPharma\/ni\/wp-content\/uploads\/sites\/3\/2024\/11\/44.png\" alt=\"\">\r\n                <\/div>\r\n                        <div class=\"tp-team__content\">\r\n                <h4 class=\"tp-team__title mb-15 ele-item-name\"><a href=\"\">BIASCOR<\/a><\/h4>\r\n                                    <span class=\"tp-team__position mb-30 ele-item-desi\">200 mg<\/span>\r\n                \r\n                                    <p class=\"ele-item-content\"><ul>\n  <li>\n    <strong>Composici\u00f3n<\/strong>\n    <ul>\n      <li>Cada ampolla de 200 mg de Biascor contiene clorhidrato de labetalol 200 mg.<\/li>\n      <li>Por su mayor tolerancia y seguridad, es el antihipertensivo de primera elecci\u00f3n durante el embarazo, seg\u00fan las gu\u00edas nacionales e internacionales.<\/li>\n    <\/ul>\n  <\/li>\n  <li>\n    <strong>Indicaciones<\/strong>\n    <ul>\n      <li>Cada comprimido de clorhidrato de labetalol est\u00e1 indicado en el tratamiento de la hipertensi\u00f3n. Puede ser administrado solo o en combinaci\u00f3n con otros agentes antihipertensivos, especialmente tiazidas y diur\u00e9ticos del asa.<\/li>\n      <li>Cada inyectable (clorhidrato de labetalol) est\u00e1 indicado para el control de la presi\u00f3n sangu\u00ednea en casos de severa hipertensi\u00f3n.<\/li>\n    <\/ul>\n  <\/li>\n  <li>\n    <strong>V\u00eda de administraci\u00f3n<\/strong>\n    <ul>\n      <li>Oral.<\/li>\n    <\/ul>\n  <\/li>\n  <li>\n    <strong>Presentaci\u00f3n<\/strong>\n    <ul>\n      <li>Caja con 20 comprimidos recubiertos en bl\u00edster m\u00e1s prospecto.<\/li>\n    <\/ul>\n  <\/li>\n<\/ul>\n<\/p>\r\n                                            <\/div>\r\n        <\/div>\r\n    <\/div>\r\n    <\/div>\r\n\r\n\r\n<!-- style default -->\r\n\t\t<\/div>\n\t\t\t\t<\/div>\n\t\t\t\t\t<\/div>\n\t\t<\/div>\n\t\t\t\t\t<\/div>\n\t\t<\/section>\n\t\t\t\t<\/div>\n\t\t","protected":false},"excerpt":{"rendered":"<p>Linea Ginecologica ____ \u00d3VULOS VAGILEN \u00d3VULOS Composici\u00f3n Metronidazol (500 mg) Nistatina (100K UI) Sulfato de neomicina (5 mg) Dexametasona (0,20 mg) Lidoca\u00edna base (10 mg) Indicaciones En tricomoniasis sintom\u00e1ticas y asintom\u00e1ticas. Vaginosis bacteriana producidas por Gardnerella vaginalis, anaerobios, Mobiluncus, Mycoplasma. Candidiasis vulvovaginales causada por Candida albicans y otras especies de C\u00e1ndidas. Vulvitis y vulvovaginitis inespec\u00edficas: [&hellip;]<\/p>\n","protected":false},"author":1,"featured_media":0,"parent":0,"menu_order":0,"comment_status":"closed","ping_status":"closed","template":"","meta":{"footnotes":""},"class_list":["post-1902","page","type-page","status-publish","hentry"],"acf":[],"_links":{"self":[{"href":"https:\/\/hostedbyexpresso.com\/clients\/genericPharma\/ni\/wp-json\/wp\/v2\/pages\/1902"}],"collection":[{"href":"https:\/\/hostedbyexpresso.com\/clients\/genericPharma\/ni\/wp-json\/wp\/v2\/pages"}],"about":[{"href":"https:\/\/hostedbyexpresso.com\/clients\/genericPharma\/ni\/wp-json\/wp\/v2\/types\/page"}],"author":[{"embeddable":true,"href":"https:\/\/hostedbyexpresso.com\/clients\/genericPharma\/ni\/wp-json\/wp\/v2\/users\/1"}],"replies":[{"embeddable":true,"href":"https:\/\/hostedbyexpresso.com\/clients\/genericPharma\/ni\/wp-json\/wp\/v2\/comments?post=1902"}],"version-history":[{"count":4,"href":"https:\/\/hostedbyexpresso.com\/clients\/genericPharma\/ni\/wp-json\/wp\/v2\/pages\/1902\/revisions"}],"predecessor-version":[{"id":1949,"href":"https:\/\/hostedbyexpresso.com\/clients\/genericPharma\/ni\/wp-json\/wp\/v2\/pages\/1902\/revisions\/1949"}],"wp:attachment":[{"href":"https:\/\/hostedbyexpresso.com\/clients\/genericPharma\/ni\/wp-json\/wp\/v2\/media?parent=1902"}],"curies":[{"name":"wp","href":"https:\/\/api.w.org\/{rel}","templated":true}]}}