{"id":1547,"date":"2024-09-16T16:51:47","date_gmt":"2024-09-16T16:51:47","guid":{"rendered":"https:\/\/hostedbyexpresso.com\/clients\/genericPharma\/ni\/?page_id=1547"},"modified":"2025-01-24T21:05:05","modified_gmt":"2025-01-24T21:05:05","slug":"conocenos","status":"publish","type":"page","link":"https:\/\/hostedbyexpresso.com\/clients\/genericPharma\/ni\/conocenos\/","title":{"rendered":"Conocenos"},"content":{"rendered":"\t\t<div data-elementor-type=\"wp-page\" data-elementor-id=\"1547\" class=\"elementor elementor-1547\">\n\t\t\t\t<div class=\"elementor-element elementor-element-11795a3 e-con-full e-transform e-flex e-con e-parent\" data-id=\"11795a3\" data-element_type=\"container\" data-settings=\"{&quot;_transform_translateY_effect&quot;:{&quot;unit&quot;:&quot;px&quot;,&quot;size&quot;:530,&quot;sizes&quot;:[]},&quot;_transform_translateX_effect&quot;:{&quot;unit&quot;:&quot;px&quot;,&quot;size&quot;:95,&quot;sizes&quot;:[]},&quot;_transform_translateX_effect_tablet&quot;:{&quot;unit&quot;:&quot;px&quot;,&quot;size&quot;:&quot;&quot;,&quot;sizes&quot;:[]},&quot;_transform_translateX_effect_mobile&quot;:{&quot;unit&quot;:&quot;px&quot;,&quot;size&quot;:&quot;&quot;,&quot;sizes&quot;:[]},&quot;_transform_translateY_effect_tablet&quot;:{&quot;unit&quot;:&quot;px&quot;,&quot;size&quot;:&quot;&quot;,&quot;sizes&quot;:[]},&quot;_transform_translateY_effect_mobile&quot;:{&quot;unit&quot;:&quot;px&quot;,&quot;size&quot;:&quot;&quot;,&quot;sizes&quot;:[]}}\">\n\t\t\t\t<div class=\"elementor-element elementor-element-a9a7cef elementor-widget elementor-widget-heading\" data-id=\"a9a7cef\" data-element_type=\"widget\" data-widget_type=\"heading.default\">\n\t\t\t\t<div class=\"elementor-widget-container\">\n\t\t\t<h2 class=\"elementor-heading-title elementor-size-default\">29<\/h2>\t\t<\/div>\n\t\t\t\t<\/div>\n\t\t\t\t<\/div>\n\t\t\t\t<section class=\"elementor-section elementor-top-section elementor-element elementor-element-6daab37 elementor-section-full_width elementor-section-height-default elementor-section-height-default\" data-id=\"6daab37\" data-element_type=\"section\">\n\t\t\t\t\t\t<div class=\"elementor-container elementor-column-gap-no\">\n\t\t\t\t\t<div class=\"elementor-column elementor-col-100 elementor-top-column elementor-element elementor-element-5e6e473\" data-id=\"5e6e473\" data-element_type=\"column\">\n\t\t\t<div class=\"elementor-widget-wrap elementor-element-populated\">\n\t\t\t\t\t\t<div class=\"elementor-element elementor-element-945aaf4 elementor-widget elementor-widget-about\" data-id=\"945aaf4\" data-element_type=\"widget\" data-widget_type=\"about.default\">\n\t\t\t\t<div class=\"elementor-widget-container\">\n\t\t\t\r\n\r\n<section class=\"about-area ele-section\">\r\n    <div class=\"container\">\r\n        <div class=\"row\">\r\n        <div class=\"col-xl-6 col-lg-4 col-12\">\r\n            <div class=\"tp-about-thumb mb-60 wow fadeInLeft\" data-wow-delay=\".3s\">\r\n                <div class=\"tp-ab-img d-flex\">\r\n                                    <div class=\"tp-ab-main-img p-relative\">\r\n                        <img decoding=\"async\" src=\"https:\/\/hostedbyexpresso.com\/clients\/genericPharma\/ni\/wp-content\/uploads\/sites\/3\/2022\/08\/about-bg-04.jpg\" alt=\"\">\r\n                        <div class=\"about__exprience tp-ab-counter ele-experience-style\">\r\n                                                                                        <i>A\u00f1os de Experiencia<\/i>\r\n                                                    <\/div>\r\n                    <\/div>\r\n                                        <div class=\"tp-ab-shape d-none d-md-block d-lg-none d-xl-block\">\r\n                                            <img decoding=\"async\" class=\"ab-shape-one\" src=\"https:\/\/hostedbyexpresso.com\/clients\/genericPharma\/ni\/wp-content\/uploads\/sites\/3\/2022\/08\/about-bg-05.jpg\" alt=\"\">\r\n                                                                <img decoding=\"async\" class=\"ab-shape-two\" src=\"https:\/\/hostedbyexpresso.com\/clients\/genericPharma\/ni\/wp-content\/uploads\/sites\/3\/2022\/08\/about-bg-06.jpg\" alt=\"\">\r\n                                        <\/div>\r\n                <\/div>\r\n            <\/div>\r\n        <\/div>\r\n        <div class=\"col-xl-6 col-lg-8 col-12\">\r\n            <div class=\"about-content about-align mb-60 wow fadeInRight\" data-wow-delay=\".3s\">\r\n                                <div class=\"tp-section\">\r\n                                        <h3 class=\"tp-section__title ab-title mb-25 ele-title\">Garantizamos Resultados \u00d3ptimos<\/h3>                                            <i class=\"ele-quote-content\"><a class=\"tp-section__link\" href=\"#\">\nConoce nuestra Misi\u00f3n y Visi\u00f3n<i class=\"fa-solid fa-arrow-right\"><\/i><\/a><\/i>\r\n                                                                <p class=\"mr-20 mb-40 ele-content\">En Generic Pharma, llevamos m\u00e1s de 29 a\u00f1os dedicados a mejorar la calidad de vida a trav\u00e9s de soluciones m\u00e9dicas innovadoras. Fundados en Nicaragua en 1995, hemos expandido nuestra presencia a Honduras, Panam\u00e1, y El Salvador, convirti\u00e9ndonos en l\u00edderes en la distribuci\u00f3n de productos farmac\u00e9uticos para uso humano y veterinario, as\u00ed como de equipos m\u00e9dicos de alta calidad.<\/p>\r\n                                    <\/div>\r\n                                <div class=\"tp-about__info-list ab-check-list mb-55\">\r\n                    <ul>\r\n                                        <li class=\"ele-feature-content\">\r\n                                                                            <i aria-hidden=\"true\" class=\"fal fa-check\"><\/i>                                                                            Compromiso con la Calidad                    <\/li>\r\n                                        <li class=\"ele-feature-content\">\r\n                                                                            <i aria-hidden=\"true\" class=\"fal fa-check\"><\/i>                                                                            Atenci\u00f3n Personalizada                    <\/li>\r\n                                        <li class=\"ele-feature-content\">\r\n                                                                            <i aria-hidden=\"true\" class=\"fal fa-check\"><\/i>                                                                            Experiencia Comprobada                    <\/li>\r\n                                        <\/ul>\r\n                <\/div>\r\n                            <\/div>\r\n        <\/div>\r\n        <\/div>\r\n    <\/div>\r\n<\/section>\r\n\r\n\t\t<\/div>\n\t\t\t\t<\/div>\n\t\t\t\t\t<\/div>\n\t\t<\/div>\n\t\t\t\t\t<\/div>\n\t\t<\/section>\n\t\t\t\t<section class=\"elementor-section elementor-top-section elementor-element elementor-element-e0276d6 elementor-section-full_width elementor-section-height-default elementor-section-height-default\" data-id=\"e0276d6\" data-element_type=\"section\">\n\t\t\t\t\t\t<div class=\"elementor-container elementor-column-gap-default\">\n\t\t\t\t\t<div class=\"elementor-column elementor-col-100 elementor-top-column elementor-element elementor-element-8fb6c3b\" data-id=\"8fb6c3b\" data-element_type=\"column\">\n\t\t\t<div class=\"elementor-widget-wrap elementor-element-populated\">\n\t\t\t\t\t\t<div class=\"elementor-element elementor-element-6ecc800 elementor-widget elementor-widget-advanced-tab\" data-id=\"6ecc800\" data-element_type=\"widget\" data-widget_type=\"advanced-tab.default\">\n\t\t\t\t<div class=\"elementor-widget-container\">\n\t\t\t\r\n\r\n<section class=\"nav-area tp-common-area advanced_section ele-section\">\r\n\t<div class=\"container\">\r\n\t\t<!-- nab-and-tabs -->\r\n\t\t<ul class=\"nav tp-nav-tavs mb-70\" id=\"myTab\" role=\"tablist\">\r\n\t\t\t\t<li class=\"nav-item\" role=\"presentation\">\r\n\t\t<button class=\"nav-link ele-button active\" id=\"home-tab-0\" data-bs-toggle=\"tab\" data-bs-target=\"#home-tab-pane-0\" type=\"button\" role=\"tab\" aria-controls=\"home-tab-pane-0\" aria-selected=\"true\">Vision<\/button>\r\n\t\t<\/li>\r\n\t\t\t\t<li class=\"nav-item\" role=\"presentation\">\r\n\t\t<button class=\"nav-link ele-button \" id=\"home-tab-1\" data-bs-toggle=\"tab\" data-bs-target=\"#home-tab-pane-1\" type=\"button\" role=\"tab\" aria-controls=\"home-tab-pane-1\" aria-selected=\"true\">Mision<\/button>\r\n\t\t<\/li>\r\n\t\t\t\t<li class=\"nav-item\" role=\"presentation\">\r\n\t\t<button class=\"nav-link ele-button \" id=\"home-tab-2\" data-bs-toggle=\"tab\" data-bs-target=\"#home-tab-pane-2\" type=\"button\" role=\"tab\" aria-controls=\"home-tab-pane-2\" aria-selected=\"true\">Valores<\/button>\r\n\t\t<\/li>\r\n\t\t\t\t<\/ul>\r\n\t\t<div class=\"tab-content\" id=\"myTabContent\">\r\n\t\t\t\t<div class=\"tab-pane fade show active\" id=\"home-tab-pane-0\" role=\"tabpanel\" aria-labelledby=\"home-tab-0\" tabindex=\"0\">\r\n\t\t\t<style>.elementor-503 .elementor-element.elementor-element-2237d6b > .elementor-container > .elementor-column > .elementor-widget-wrap{align-content:center;align-items:center;}\/* Start custom CSS for tp-mission, class: .elementor-element-f03164c *\/.nabmission__content.text-center.ml-50.mr-50.pt-20 {\r\n    display: flex;\r\n    flex-direction: column;\r\n    justify-content: center;\r\n    align-items: center;\r\n    height: 300px;\r\n}\/* End custom CSS *\/<\/style>\t\t<div data-elementor-type=\"landing-page\" data-elementor-id=\"503\" class=\"elementor elementor-503\">\n\t\t\t\t\t\t<section class=\"elementor-section elementor-top-section elementor-element elementor-element-2237d6b elementor-section-content-middle elementor-section-boxed elementor-section-height-default elementor-section-height-default\" data-id=\"2237d6b\" data-element_type=\"section\">\n\t\t\t\t\t\t<div class=\"elementor-container elementor-column-gap-default\">\n\t\t\t\t\t<div class=\"elementor-column elementor-col-100 elementor-top-column elementor-element elementor-element-a538fec\" data-id=\"a538fec\" data-element_type=\"column\">\n\t\t\t<div class=\"elementor-widget-wrap elementor-element-populated\">\n\t\t\t\t\t\t<div class=\"elementor-element elementor-element-f03164c elementor-widget elementor-widget-tp-mission\" data-id=\"f03164c\" data-element_type=\"widget\" data-widget_type=\"tp-mission.default\">\n\t\t\t\t<div class=\"elementor-widget-container\">\n\t\t\t  \r\n\r\n        \t\r\n\r\n        <div class=\"\">\r\n                        <div class=\"tp-section text-center\">\r\n                \r\n                \r\n                            <\/div>\r\n            \r\n               <div class=\"row\">\r\n                  <div class=\"col-xl-6 col-lg-6 col-md-12 order-lg-2\">\r\n                     <div class=\"nabmission mb-30\">\r\n                        <div class=\"nabmission__content text-center ml-50 mr-50 pt-20\">\r\n                                                           <h4 class=\"nabmission__title mb-35\">Nuestra Visi\u00f3n<\/h4>\r\n                            \r\n                                                           <p class=\"mb-35\">Comprometidos con el bienestar y la salud.<\/p>\r\n                                                    <\/div>\r\n                     <\/div>\r\n                  <\/div>\r\n                  \r\n                  <div class=\"col-xl-3 col-lg-3 col-md-6 order-lg-1\">\r\n                                         <div class=\"nabthumb mb-30\">\r\n                        <img decoding=\"async\" src=\"https:\/\/hostedbyexpresso.com\/clients\/genericPharma\/ni\/wp-content\/uploads\/sites\/3\/2022\/08\/tab-thumb-01.jpg\" alt=\"\">\r\n                     <\/div>\r\n                                       <\/div>\r\n                  <div class=\"col-xl-3 col-lg-3 col-md-6 order-lg-3\">\r\n                                         <div class=\"nabthumb mb-30\">\r\n                        <img decoding=\"async\" src=\"https:\/\/hostedbyexpresso.com\/clients\/genericPharma\/ni\/wp-content\/uploads\/sites\/3\/2022\/08\/tab-thumb-02.jpg\" alt=\"\">\r\n                     <\/div>\r\n                                       <\/div>\r\n               <\/div>\r\n        <\/div>\r\n\r\n        \r\n        \t\t<\/div>\n\t\t\t\t<\/div>\n\t\t\t\t\t<\/div>\n\t\t<\/div>\n\t\t\t\t\t<\/div>\n\t\t<\/section>\n\t\t\t\t<\/div>\n\t\t\t\t<\/div>\r\n\t\t\t\t<div class=\"tab-pane fade \" id=\"home-tab-pane-1\" role=\"tabpanel\" aria-labelledby=\"home-tab-1\" tabindex=\"0\">\r\n\t\t\t<style>\/* Start custom CSS for tp-mission, class: .elementor-element-eec30d4 *\/.nabmission__content.text-center.ml-50.mr-50.pt-20 {\r\n    display: flex;\r\n    flex-direction: column;\r\n    align-items: center !important;\r\n    justify-content: center !important;\r\n    height: 300px;\r\n}\/* End custom CSS *\/<\/style>\t\t<div data-elementor-type=\"landing-page\" data-elementor-id=\"494\" class=\"elementor elementor-494\">\n\t\t\t\t\t\t<section class=\"elementor-section elementor-top-section elementor-element elementor-element-3c113ad elementor-section-boxed elementor-section-height-default elementor-section-height-default\" data-id=\"3c113ad\" data-element_type=\"section\">\n\t\t\t\t\t\t<div class=\"elementor-container elementor-column-gap-default\">\n\t\t\t\t\t<div class=\"elementor-column elementor-col-100 elementor-top-column elementor-element elementor-element-9a0ac21\" data-id=\"9a0ac21\" data-element_type=\"column\">\n\t\t\t<div class=\"elementor-widget-wrap elementor-element-populated\">\n\t\t\t\t\t\t<div class=\"elementor-element elementor-element-eec30d4 elementor-widget elementor-widget-tp-mission\" data-id=\"eec30d4\" data-element_type=\"widget\" id=\"MissionTab\" data-widget_type=\"tp-mission.default\">\n\t\t\t\t<div class=\"elementor-widget-container\">\n\t\t\t  \r\n\r\n        \t\r\n\r\n        <div class=\"\">\r\n                        <div class=\"tp-section text-center\">\r\n                \r\n                \r\n                            <\/div>\r\n            \r\n               <div class=\"row\">\r\n                  <div class=\"col-xl-6 col-lg-6 col-md-12 order-lg-2\">\r\n                     <div class=\"nabmission mb-30\">\r\n                        <div class=\"nabmission__content text-center ml-50 mr-50 pt-20\">\r\n                                                           <h4 class=\"nabmission__title mb-35\">Tu Socio en Soluciones de Salud<\/h4>\r\n                            \r\n                                                           <p class=\"mb-35\">Servimos con pasi\u00f3n e innovaci\u00f3n, ofreciendo soluciones m\u00e9dicas integrales.<\/p>\r\n                                                    <\/div>\r\n                     <\/div>\r\n                  <\/div>\r\n                  \r\n                  <div class=\"col-xl-3 col-lg-3 col-md-6 order-lg-1\">\r\n                                         <div class=\"nabthumb mb-30\">\r\n                        <img decoding=\"async\" src=\"https:\/\/hostedbyexpresso.com\/clients\/genericPharma\/ni\/wp-content\/uploads\/sites\/3\/2022\/08\/tab-thumb-03.jpg\" alt=\"\">\r\n                     <\/div>\r\n                                       <\/div>\r\n                  <div class=\"col-xl-3 col-lg-3 col-md-6 order-lg-3\">\r\n                                         <div class=\"nabthumb mb-30\">\r\n                        <img decoding=\"async\" src=\"https:\/\/hostedbyexpresso.com\/clients\/genericPharma\/ni\/wp-content\/uploads\/sites\/3\/2022\/08\/tab-thumb-04.jpg\" alt=\"\">\r\n                     <\/div>\r\n                                       <\/div>\r\n               <\/div>\r\n        <\/div>\r\n\r\n        \r\n        \t\t<\/div>\n\t\t\t\t<\/div>\n\t\t\t\t\t<\/div>\n\t\t<\/div>\n\t\t\t\t\t<\/div>\n\t\t<\/section>\n\t\t\t\t<\/div>\n\t\t\t\t<\/div>\r\n\t\t\t\t<div class=\"tab-pane fade \" id=\"home-tab-pane-2\" role=\"tabpanel\" aria-labelledby=\"home-tab-2\" tabindex=\"0\">\r\n\t\t\t<style><\/style>\t\t<div data-elementor-type=\"landing-page\" data-elementor-id=\"512\" class=\"elementor elementor-512\">\n\t\t\t\t\t\t<section class=\"elementor-section elementor-top-section elementor-element elementor-element-9e6fc81 elementor-section-boxed elementor-section-height-default elementor-section-height-default\" data-id=\"9e6fc81\" data-element_type=\"section\">\n\t\t\t\t\t\t<div class=\"elementor-container elementor-column-gap-default\">\n\t\t\t\t\t<div class=\"elementor-column elementor-col-100 elementor-top-column elementor-element elementor-element-f0b2052\" data-id=\"f0b2052\" data-element_type=\"column\">\n\t\t\t<div class=\"elementor-widget-wrap elementor-element-populated\">\n\t\t\t\t\t\t<div class=\"elementor-element elementor-element-75320eb elementor-widget elementor-widget-tp-mission\" data-id=\"75320eb\" data-element_type=\"widget\" data-widget_type=\"tp-mission.default\">\n\t\t\t\t<div class=\"elementor-widget-container\">\n\t\t\t  \r\n\r\n        \t\r\n\r\n        <div class=\"\">\r\n                        <div class=\"tp-section text-center\">\r\n                \r\n                \r\n                            <\/div>\r\n            \r\n               <div class=\"row\">\r\n                  <div class=\"col-xl-6 col-lg-6 col-md-12 order-lg-2\">\r\n                     <div class=\"nabmission mb-30\">\r\n                        <div class=\"nabmission__content text-center ml-50 mr-50 pt-20\">\r\n                                                           <h4 class=\"nabmission__title mb-35\">Lo que Nos Define<\/h4>\r\n                            \r\n                                                           <p class=\"mb-35\">\nEn Generic Pharma, nos motiva el compromiso de cumplir cada promesa con integridad y transparencia, generando confianza en cada interacci\u00f3n. Nos apasiona nuestro trabajo, lo realizamos con entusiasmo y dedicaci\u00f3n, promoviendo un ambiente de colaboraci\u00f3n donde el trabajo en equipo fortalece nuestros logros. Fomentamos la lealtad y el sentido de pertenencia, convencidos de que el liderazgo inspira a otros a alcanzar objetivos comunes. Juntos, creamos un impacto positivo en la sociedad, ofreciendo soluciones m\u00e9dicas con excelencia y responsabilidad.<\/p>\r\n                                                    <\/div>\r\n                     <\/div>\r\n                  <\/div>\r\n                  \r\n                  <div class=\"col-xl-3 col-lg-3 col-md-6 order-lg-1\">\r\n                                         <div class=\"nabthumb mb-30\">\r\n                        <img decoding=\"async\" src=\"https:\/\/hostedbyexpresso.com\/clients\/genericPharma\/ni\/wp-content\/uploads\/sites\/3\/2022\/08\/tab-thumb-01.jpg\" alt=\"\">\r\n                     <\/div>\r\n                                       <\/div>\r\n                  <div class=\"col-xl-3 col-lg-3 col-md-6 order-lg-3\">\r\n                                         <div class=\"nabthumb mb-30\">\r\n                        <img decoding=\"async\" src=\"https:\/\/hostedbyexpresso.com\/clients\/genericPharma\/ni\/wp-content\/uploads\/sites\/3\/2022\/08\/tab-thumb-02.jpg\" alt=\"\">\r\n                     <\/div>\r\n                                       <\/div>\r\n               <\/div>\r\n        <\/div>\r\n\r\n        \r\n        \t\t<\/div>\n\t\t\t\t<\/div>\n\t\t\t\t\t<\/div>\n\t\t<\/div>\n\t\t\t\t\t<\/div>\n\t\t<\/section>\n\t\t\t\t<\/div>\n\t\t\t\t<\/div>\r\n\t\t\t\t<\/div>\r\n\t\t\r\n\t\t<!-- nab-and-tabs-end -->\r\n\t<\/div>\r\n<\/section>\r\n\r\n\t\t<\/div>\n\t\t\t\t<\/div>\n\t\t\t\t\t<\/div>\n\t\t<\/div>\n\t\t\t\t\t<\/div>\n\t\t<\/section>\n\t\t\t\t<\/div>\n\t\t","protected":false},"excerpt":{"rendered":"<p>29 A\u00f1os de Experiencia Garantizamos Resultados \u00d3ptimos Conoce nuestra Misi\u00f3n y Visi\u00f3n En Generic Pharma, llevamos m\u00e1s de 29 a\u00f1os dedicados a mejorar la calidad de vida a trav\u00e9s de soluciones m\u00e9dicas innovadoras. Fundados en Nicaragua en 1995, hemos expandido nuestra presencia a Honduras, Panam\u00e1, y El Salvador, convirti\u00e9ndonos en l\u00edderes en la distribuci\u00f3n de [&hellip;]<\/p>\n","protected":false},"author":1,"featured_media":0,"parent":0,"menu_order":0,"comment_status":"closed","ping_status":"closed","template":"","meta":{"footnotes":""},"class_list":["post-1547","page","type-page","status-publish","hentry"],"acf":[],"_links":{"self":[{"href":"https:\/\/hostedbyexpresso.com\/clients\/genericPharma\/ni\/wp-json\/wp\/v2\/pages\/1547"}],"collection":[{"href":"https:\/\/hostedbyexpresso.com\/clients\/genericPharma\/ni\/wp-json\/wp\/v2\/pages"}],"about":[{"href":"https:\/\/hostedbyexpresso.com\/clients\/genericPharma\/ni\/wp-json\/wp\/v2\/types\/page"}],"author":[{"embeddable":true,"href":"https:\/\/hostedbyexpresso.com\/clients\/genericPharma\/ni\/wp-json\/wp\/v2\/users\/1"}],"replies":[{"embeddable":true,"href":"https:\/\/hostedbyexpresso.com\/clients\/genericPharma\/ni\/wp-json\/wp\/v2\/comments?post=1547"}],"version-history":[{"count":61,"href":"https:\/\/hostedbyexpresso.com\/clients\/genericPharma\/ni\/wp-json\/wp\/v2\/pages\/1547\/revisions"}],"predecessor-version":[{"id":1990,"href":"https:\/\/hostedbyexpresso.com\/clients\/genericPharma\/ni\/wp-json\/wp\/v2\/pages\/1547\/revisions\/1990"}],"wp:attachment":[{"href":"https:\/\/hostedbyexpresso.com\/clients\/genericPharma\/ni\/wp-json\/wp\/v2\/media?parent=1547"}],"curies":[{"name":"wp","href":"https:\/\/api.w.org\/{rel}","templated":true}]}}