{"id":2135,"date":"2024-11-05T21:58:18","date_gmt":"2024-11-05T21:58:18","guid":{"rendered":"https:\/\/hostedbyexpresso.com\/clients\/genericPharma\/hn\/?page_id=2135"},"modified":"2024-11-06T19:23:12","modified_gmt":"2024-11-06T19:23:12","slug":"psiquiatria","status":"publish","type":"page","link":"https:\/\/hostedbyexpresso.com\/clients\/genericPharma\/hn\/psiquiatria\/","title":{"rendered":"Psiquiatr\u00eda"},"content":{"rendered":"\t\t<div data-elementor-type=\"wp-page\" data-elementor-id=\"2135\" class=\"elementor elementor-2135\">\n\t\t\t\t<div class=\"elementor-element elementor-element-773d89e e-flex e-con-boxed e-con e-parent\" data-id=\"773d89e\" data-element_type=\"container\" data-settings=\"{&quot;background_background&quot;:&quot;classic&quot;}\">\n\t\t\t\t\t<div class=\"e-con-inner\">\n\t\t\t\t<div class=\"elementor-element elementor-element-94b585a elementor-widget elementor-widget-heading\" data-id=\"94b585a\" data-element_type=\"widget\" data-widget_type=\"heading.default\">\n\t\t\t\t<div class=\"elementor-widget-container\">\n\t\t\t<h2 class=\"elementor-heading-title elementor-size-default\">Linea Psiquiatrica<\/h2>\t\t<\/div>\n\t\t\t\t<\/div>\n\t\t\t\t\t<\/div>\n\t\t\t\t<\/div>\n\t\t\t\t<section class=\"elementor-section elementor-top-section elementor-element elementor-element-2ab81a6 elementor-section-full_width elementor-section-height-default elementor-section-height-default\" data-id=\"2ab81a6\" data-element_type=\"section\" data-settings=\"{&quot;background_background&quot;:&quot;classic&quot;}\">\n\t\t\t\t\t\t<div class=\"elementor-container elementor-column-gap-no\">\n\t\t\t\t\t<div class=\"elementor-column elementor-col-100 elementor-top-column elementor-element elementor-element-fcc87ff\" data-id=\"fcc87ff\" data-element_type=\"column\">\n\t\t\t<div class=\"elementor-widget-wrap elementor-element-populated\">\n\t\t\t\t\t\t<div class=\"elementor-element elementor-element-83c09ca elementor-widget elementor-widget-tp-team\" data-id=\"83c09ca\" data-element_type=\"widget\" id=\"IndividualContainerRu\" data-widget_type=\"tp-team.default\">\n\t\t\t\t<div class=\"elementor-widget-container\">\n\t\t\t\r\n<!-- style 2 -->\r\n<div class=\"row\">\r\n        <div class=\"col-xl-12 col-lg-12 col-md-12 col-12\">\r\n        <div class=\"tp-team mb-50 wow fadeInUp\" data-wow-delay=\".2s\">\r\n                            <div class=\"tp-team__thumb fix\">\r\n                    <img decoding=\"async\" src=\"https:\/\/hostedbyexpresso.com\/clients\/genericPharma\/hn\/wp-content\/uploads\/sites\/2\/2024\/11\/52.png\" alt=\"\">\r\n                <\/div>\r\n                        <div class=\"tp-team__content\">\r\n                <h4 class=\"tp-team__title mb-15 ele-item-name\"><a href=\"https:\/\/wp.hixstudio.net\/bioxlab\/team-details\/\">RUBIFEN<\/a><\/h4>\r\n                                    <span class=\"tp-team__position mb-30 ele-item-desi\">10 mg<\/span>\r\n                \r\n                                    <p class=\"ele-item-content\"><ul>\n  <li>\n    <strong>Composici\u00f3n<\/strong>\n    <ul>\n      <li>Cada mL de soluci\u00f3n oral contiene 3 mg de prednisolona (como fosfato s\u00f3dico).<\/li>\n      <li>Cada mL de soluci\u00f3n oral contiene 375,0 mg de maltitol l\u00edquido (E-965), 1,50 mg de parahidroxibenzoato de metilo, sal de sodio (E-219), y 0,30 mg de parahidroxibenzoato de propilo, sal de sodio (E-217).<\/li>\n    <\/ul>\n  <\/li>\n  <li>\n    <strong>Indicaciones<\/strong>\n    <ul>\n      <li>Paidocort est\u00e1 indicado en el tratamiento de enfermedades inflamatorias y autoinmunes, en adultos y ni\u00f1os a partir de 1 mes:<\/li>\n      <li>Asma bronquial, alteraciones al\u00e9rgicas e inflamatorias, artritis reumatoide y otras colagenopat\u00edas.<\/li>\n      <li>Dermatitis y dermatosis (eczema subagudo y cr\u00f3nico, psoriasis, p\u00e9nfigo, etc).<\/li>\n    <\/ul>\n  <\/li>\n  <li>\n    <strong>V\u00eda de administraci\u00f3n<\/strong>\n    <ul>\n      <li>Inhalaci\u00f3n oral.<\/li>\n    <\/ul>\n  <\/li>\n  <li>\n    <strong>Presentaci\u00f3n<\/strong>\n    <ul>\n      <li>Caja conteniendo frasco con 125 mL.<\/li>\n    <\/ul>\n  <\/li>\n<\/ul>\n<\/p>\r\n                                            <\/div>\r\n        <\/div>\r\n    <\/div>\r\n    <\/div>\r\n\r\n\r\n<!-- style default -->\r\n\t\t<\/div>\n\t\t\t\t<\/div>\n\t\t\t\t\t<\/div>\n\t\t<\/div>\n\t\t\t\t\t<\/div>\n\t\t<\/section>\n\t\t\t\t<\/div>\n\t\t","protected":false},"excerpt":{"rendered":"<p>Linea Psiquiatrica RUBIFEN 10 mg Composici\u00f3n Cada mL de soluci\u00f3n oral contiene 3 mg de prednisolona (como fosfato s\u00f3dico). Cada mL de soluci\u00f3n oral contiene 375,0 mg de maltitol l\u00edquido (E-965), 1,50 mg de parahidroxibenzoato de metilo, sal de sodio (E-219), y 0,30 mg de parahidroxibenzoato de propilo, sal de sodio (E-217). Indicaciones Paidocort est\u00e1 [&hellip;]<\/p>\n","protected":false},"author":1,"featured_media":0,"parent":0,"menu_order":0,"comment_status":"closed","ping_status":"closed","template":"","meta":{"footnotes":""},"class_list":["post-2135","page","type-page","status-publish","hentry"],"acf":[],"_links":{"self":[{"href":"https:\/\/hostedbyexpresso.com\/clients\/genericPharma\/hn\/wp-json\/wp\/v2\/pages\/2135"}],"collection":[{"href":"https:\/\/hostedbyexpresso.com\/clients\/genericPharma\/hn\/wp-json\/wp\/v2\/pages"}],"about":[{"href":"https:\/\/hostedbyexpresso.com\/clients\/genericPharma\/hn\/wp-json\/wp\/v2\/types\/page"}],"author":[{"embeddable":true,"href":"https:\/\/hostedbyexpresso.com\/clients\/genericPharma\/hn\/wp-json\/wp\/v2\/users\/1"}],"replies":[{"embeddable":true,"href":"https:\/\/hostedbyexpresso.com\/clients\/genericPharma\/hn\/wp-json\/wp\/v2\/comments?post=2135"}],"version-history":[{"count":10,"href":"https:\/\/hostedbyexpresso.com\/clients\/genericPharma\/hn\/wp-json\/wp\/v2\/pages\/2135\/revisions"}],"predecessor-version":[{"id":2202,"href":"https:\/\/hostedbyexpresso.com\/clients\/genericPharma\/hn\/wp-json\/wp\/v2\/pages\/2135\/revisions\/2202"}],"wp:attachment":[{"href":"https:\/\/hostedbyexpresso.com\/clients\/genericPharma\/hn\/wp-json\/wp\/v2\/media?parent=2135"}],"curies":[{"name":"wp","href":"https:\/\/api.w.org\/{rel}","templated":true}]}}