{"id":2032,"date":"2021-06-21T20:45:07","date_gmt":"2021-06-21T20:45:07","guid":{"rendered":"https:\/\/hostedbyexpresso.com\/clients\/agri2023\/?page_id=2032"},"modified":"2022-08-23T10:31:21","modified_gmt":"2022-08-23T16:31:21","slug":"imagen-corporativa","status":"publish","type":"page","link":"https:\/\/hostedbyexpresso.com\/clients\/agri2023\/imagen-corporativa\/","title":{"rendered":"Imagen Corporativa"},"content":{"rendered":"\t\t<div data-elementor-type=\"wp-page\" data-elementor-id=\"2032\" class=\"elementor elementor-2032\" data-elementor-settings=\"[]\">\n\t\t\t\t\t\t\t<div class=\"elementor-section-wrap\">\n\t\t\t\t\t\t\t<section data-particle_enable=\"false\" data-particle-mobile-disabled=\"false\" class=\"elementor-section elementor-top-section elementor-element elementor-element-f8cf816 elementor-section-height-min-height elementor-section-boxed elementor-section-height-default elementor-section-items-middle\" data-id=\"f8cf816\" data-element_type=\"section\" data-settings=\"{&quot;background_background&quot;:&quot;classic&quot;}\">\n\t\t\t\t\t\t\t<div class=\"elementor-background-overlay\"><\/div>\n\t\t\t\t\t\t\t<div class=\"elementor-container elementor-column-gap-default\">\n\t\t\t\t\t<div class=\"elementor-column elementor-col-100 elementor-top-column elementor-element elementor-element-6fdcc0c\" data-id=\"6fdcc0c\" data-element_type=\"column\">\n\t\t\t<div class=\"elementor-widget-wrap\">\n\t\t\t\t\t\t\t\t\t<\/div>\n\t\t<\/div>\n\t\t\t\t\t\t\t<\/div>\n\t\t<\/section>\n\t\t\t\t<section data-particle_enable=\"false\" data-particle-mobile-disabled=\"false\" class=\"elementor-section elementor-top-section elementor-element elementor-element-0ba2a14 elementor-section-boxed elementor-section-height-default elementor-section-height-default\" data-id=\"0ba2a14\" data-element_type=\"section\" data-settings=\"{&quot;background_background&quot;:&quot;classic&quot;}\">\n\t\t\t\t\t\t<div class=\"elementor-container elementor-column-gap-default\">\n\t\t\t\t\t<div class=\"elementor-column elementor-col-16 elementor-top-column elementor-element elementor-element-908023e\" data-id=\"908023e\" data-element_type=\"column\">\n\t\t\t<div class=\"elementor-widget-wrap\">\n\t\t\t\t\t\t\t\t\t<\/div>\n\t\t<\/div>\n\t\t\t\t<div class=\"elementor-column elementor-col-66 elementor-top-column elementor-element elementor-element-566b859\" data-id=\"566b859\" data-element_type=\"column\" data-settings=\"{&quot;background_background&quot;:&quot;classic&quot;}\">\n\t\t\t<div class=\"elementor-widget-wrap elementor-element-populated\">\n\t\t\t\t\t\t\t\t<div class=\"elementor-element elementor-element-d108223 elementor-widget elementor-widget-heading bdevs-el heading\" data-id=\"d108223\" data-element_type=\"widget\" data-settings=\"{&quot;design_style&quot;:&quot;style_1&quot;}\" data-widget_type=\"heading.default\">\n\t\t\t\t<div class=\"elementor-widget-container\">\n\t\t\t        \r\n                    <div class=\"section__title section__title-3 wow fadeInUp\" data-wow-delay=\".2s\">\r\n                                <h2 class=\"section-title\">IMAGEN CORPORATIVA<\/h2>                            <\/div>\r\n            \r\n        \t\t<\/div>\n\t\t\t\t<\/div>\n\t\t\t\t\t<\/div>\n\t\t<\/div>\n\t\t\t\t<div class=\"elementor-column elementor-col-16 elementor-top-column elementor-element elementor-element-1bd1bdb\" data-id=\"1bd1bdb\" data-element_type=\"column\">\n\t\t\t<div class=\"elementor-widget-wrap\">\n\t\t\t\t\t\t\t\t\t<\/div>\n\t\t<\/div>\n\t\t\t\t\t\t\t<\/div>\n\t\t<\/section>\n\t\t\t\t<section data-particle_enable=\"false\" data-particle-mobile-disabled=\"false\" class=\"elementor-section elementor-top-section elementor-element elementor-element-d6a998d elementor-section-boxed elementor-section-height-default elementor-section-height-default\" data-id=\"d6a998d\" data-element_type=\"section\">\n\t\t\t\t\t\t<div class=\"elementor-container elementor-column-gap-default\">\n\t\t\t\t\t<div class=\"elementor-column elementor-col-100 elementor-top-column elementor-element elementor-element-ce87e25\" data-id=\"ce87e25\" data-element_type=\"column\">\n\t\t\t<div class=\"elementor-widget-wrap elementor-element-populated\">\n\t\t\t\t\t\t\t\t<div class=\"elementor-element elementor-element-4e50e6a elementor-widget elementor-widget-heading bdevs-el heading\" data-id=\"4e50e6a\" data-element_type=\"widget\" data-settings=\"{&quot;design_style&quot;:&quot;style_1&quot;}\" data-widget_type=\"heading.default\">\n\t\t\t\t<div class=\"elementor-widget-container\">\n\t\t\t        \r\n                    <div class=\"section__title section__title-3 wow fadeInUp\" data-wow-delay=\".2s\">\r\n                                <h2 class=\"section-title\">C\u00f3digo de \u00c9tica<\/h2>                            <\/div>\r\n            \r\n        \t\t<\/div>\n\t\t\t\t<\/div>\n\t\t\t\t\t<\/div>\n\t\t<\/div>\n\t\t\t\t\t\t\t<\/div>\n\t\t<\/section>\n\t\t\t\t<section data-particle_enable=\"false\" data-particle-mobile-disabled=\"false\" class=\"elementor-section elementor-top-section elementor-element elementor-element-6a8d87d elementor-section-boxed elementor-section-height-default elementor-section-height-default\" data-id=\"6a8d87d\" data-element_type=\"section\">\n\t\t\t\t\t\t<div class=\"elementor-container elementor-column-gap-default\">\n\t\t\t\t\t<div class=\"elementor-column elementor-col-100 elementor-top-column elementor-element elementor-element-f80d93b\" data-id=\"f80d93b\" data-element_type=\"column\">\n\t\t\t<div class=\"elementor-widget-wrap elementor-element-populated\">\n\t\t\t\t\t\t\t\t<div class=\"elementor-element elementor-element-a3784b1 elementor-widget elementor-widget-pdf_viewer\" data-id=\"a3784b1\" data-element_type=\"widget\" data-widget_type=\"pdf_viewer.default\">\n\t\t\t\t<div class=\"elementor-widget-container\">\n\t\t\t<iframe src=\"https:\/\/docs.google.com\/viewer?url=https:\/\/digitalforest.tech\/clients\/agri2023\/wp-content\/uploads\/2021\/06\/CODIGO_-DE_ETICA_Agri-Corp-1.pdf&amp;embedded=true\" style=\"display: block; margin-left: auto; margin-right: auto; width: 640px; height: 1020px;\" frameborder=\"1\" marginheight=\"0px\" marginwidth=\"0px\" allowfullscreen><\/iframe>\t\t<\/div>\n\t\t\t\t<\/div>\n\t\t\t\t\t<\/div>\n\t\t<\/div>\n\t\t\t\t\t\t\t<\/div>\n\t\t<\/section>\n\t\t\t\t<section data-particle_enable=\"false\" data-particle-mobile-disabled=\"false\" class=\"elementor-section elementor-top-section elementor-element elementor-element-162c887 elementor-section-boxed elementor-section-height-default elementor-section-height-default\" data-id=\"162c887\" data-element_type=\"section\">\n\t\t\t\t\t\t<div class=\"elementor-container elementor-column-gap-default\">\n\t\t\t\t\t<div class=\"elementor-column elementor-col-100 elementor-top-column elementor-element elementor-element-daf6ca2\" data-id=\"daf6ca2\" data-element_type=\"column\">\n\t\t\t<div class=\"elementor-widget-wrap elementor-element-populated\">\n\t\t\t\t\t\t\t\t<div class=\"elementor-element elementor-element-41b3791 elementor-widget elementor-widget-heading bdevs-el heading\" data-id=\"41b3791\" data-element_type=\"widget\" data-settings=\"{&quot;design_style&quot;:&quot;style_1&quot;}\" data-widget_type=\"heading.default\">\n\t\t\t\t<div class=\"elementor-widget-container\">\n\t\t\t        \r\n                    <div class=\"section__title section__title-3 wow fadeInUp\" data-wow-delay=\".2s\">\r\n                                <h2 class=\"section-title\">C\u00f3digo de Gobierno Corporativo<\/h2>                            <\/div>\r\n            \r\n        \t\t<\/div>\n\t\t\t\t<\/div>\n\t\t\t\t\t<\/div>\n\t\t<\/div>\n\t\t\t\t\t\t\t<\/div>\n\t\t<\/section>\n\t\t\t\t<section data-particle_enable=\"false\" data-particle-mobile-disabled=\"false\" class=\"elementor-section elementor-top-section elementor-element elementor-element-cebeb98 elementor-section-boxed elementor-section-height-default elementor-section-height-default\" data-id=\"cebeb98\" data-element_type=\"section\">\n\t\t\t\t\t\t<div class=\"elementor-container elementor-column-gap-default\">\n\t\t\t\t\t<div class=\"elementor-column elementor-col-100 elementor-top-column elementor-element elementor-element-d2450c8\" data-id=\"d2450c8\" data-element_type=\"column\">\n\t\t\t<div class=\"elementor-widget-wrap elementor-element-populated\">\n\t\t\t\t\t\t\t\t<div class=\"elementor-element elementor-element-fc20e6a elementor-widget elementor-widget-pdf_viewer\" data-id=\"fc20e6a\" data-element_type=\"widget\" data-widget_type=\"pdf_viewer.default\">\n\t\t\t\t<div class=\"elementor-widget-container\">\n\t\t\t<iframe src=\"https:\/\/docs.google.com\/viewer?url=https:\/\/digitalforest.tech\/clients\/agri2023\/wp-content\/uploads\/2021\/06\/Codigo-de-Gobierno-Corporativo-Version-5-7-11-1.pdf&amp;embedded=true\" style=\"display: block; margin-left: auto; margin-right: auto; width: 640px; height: 1020px;\" frameborder=\"1\" marginheight=\"0px\" marginwidth=\"0px\" allowfullscreen><\/iframe>\t\t<\/div>\n\t\t\t\t<\/div>\n\t\t\t\t\t<\/div>\n\t\t<\/div>\n\t\t\t\t\t\t\t<\/div>\n\t\t<\/section>\n\t\t\t\t\t\t<\/div>\n\t\t\t\t\t<\/div>\n\t\t","protected":false},"excerpt":{"rendered":"<p>IMAGEN CORPORATIVA C\u00f3digo de \u00c9tica C\u00f3digo de Gobierno Corporativo<\/p>\n","protected":false},"author":1,"featured_media":0,"parent":0,"menu_order":0,"comment_status":"closed","ping_status":"closed","template":"elementor_header_footer","meta":[],"acf":[],"_links":{"self":[{"href":"https:\/\/hostedbyexpresso.com\/clients\/agri2023\/wp-json\/wp\/v2\/pages\/2032"}],"collection":[{"href":"https:\/\/hostedbyexpresso.com\/clients\/agri2023\/wp-json\/wp\/v2\/pages"}],"about":[{"href":"https:\/\/hostedbyexpresso.com\/clients\/agri2023\/wp-json\/wp\/v2\/types\/page"}],"author":[{"embeddable":true,"href":"https:\/\/hostedbyexpresso.com\/clients\/agri2023\/wp-json\/wp\/v2\/users\/1"}],"replies":[{"embeddable":true,"href":"https:\/\/hostedbyexpresso.com\/clients\/agri2023\/wp-json\/wp\/v2\/comments?post=2032"}],"version-history":[{"count":48,"href":"https:\/\/hostedbyexpresso.com\/clients\/agri2023\/wp-json\/wp\/v2\/pages\/2032\/revisions"}],"predecessor-version":[{"id":6657,"href":"https:\/\/hostedbyexpresso.com\/clients\/agri2023\/wp-json\/wp\/v2\/pages\/2032\/revisions\/6657"}],"wp:attachment":[{"href":"https:\/\/hostedbyexpresso.com\/clients\/agri2023\/wp-json\/wp\/v2\/media?parent=2032"}],"curies":[{"name":"wp","href":"https:\/\/api.w.org\/{rel}","templated":true}]}}