{"id":1939,"date":"2021-06-17T21:50:40","date_gmt":"2021-06-17T21:50:40","guid":{"rendered":"https:\/\/hostedbyexpresso.com\/clients\/agri2023\/?page_id=1939"},"modified":"2022-08-23T10:25:39","modified_gmt":"2022-08-23T16:25:39","slug":"division-logistica","status":"publish","type":"page","link":"https:\/\/hostedbyexpresso.com\/clients\/agri2023\/division-logistica\/","title":{"rendered":"Divisi\u00f3n Log\u00edstica"},"content":{"rendered":"\t\t<div data-elementor-type=\"wp-page\" data-elementor-id=\"1939\" class=\"elementor elementor-1939\" data-elementor-settings=\"[]\">\n\t\t\t\t\t\t\t<div class=\"elementor-section-wrap\">\n\t\t\t\t\t\t\t<section data-particle_enable=\"false\" data-particle-mobile-disabled=\"false\" class=\"elementor-section elementor-top-section elementor-element elementor-element-83cc658 elementor-section-height-min-height elementor-section-boxed elementor-section-height-default elementor-section-items-middle\" data-id=\"83cc658\" data-element_type=\"section\" data-settings=\"{&quot;background_background&quot;:&quot;classic&quot;}\">\n\t\t\t\t\t\t\t<div class=\"elementor-background-overlay\"><\/div>\n\t\t\t\t\t\t\t<div class=\"elementor-container elementor-column-gap-default\">\n\t\t\t\t\t<div class=\"elementor-column elementor-col-100 elementor-top-column elementor-element elementor-element-fcdd3dd\" data-id=\"fcdd3dd\" data-element_type=\"column\">\n\t\t\t<div class=\"elementor-widget-wrap\">\n\t\t\t\t\t\t\t\t\t<\/div>\n\t\t<\/div>\n\t\t\t\t\t\t\t<\/div>\n\t\t<\/section>\n\t\t\t\t<section data-particle_enable=\"false\" data-particle-mobile-disabled=\"false\" class=\"elementor-section elementor-top-section elementor-element elementor-element-0ba2a14 elementor-section-boxed elementor-section-height-default elementor-section-height-default\" data-id=\"0ba2a14\" data-element_type=\"section\" data-settings=\"{&quot;background_background&quot;:&quot;classic&quot;}\">\n\t\t\t\t\t\t<div class=\"elementor-container elementor-column-gap-default\">\n\t\t\t\t\t<div class=\"elementor-column elementor-col-16 elementor-top-column elementor-element elementor-element-908023e\" data-id=\"908023e\" data-element_type=\"column\">\n\t\t\t<div class=\"elementor-widget-wrap\">\n\t\t\t\t\t\t\t\t\t<\/div>\n\t\t<\/div>\n\t\t\t\t<div class=\"elementor-column elementor-col-66 elementor-top-column elementor-element elementor-element-566b859\" data-id=\"566b859\" data-element_type=\"column\" data-settings=\"{&quot;background_background&quot;:&quot;classic&quot;}\">\n\t\t\t<div class=\"elementor-widget-wrap elementor-element-populated\">\n\t\t\t\t\t\t\t\t<div class=\"elementor-element elementor-element-d108223 elementor-widget elementor-widget-heading bdevs-el heading\" data-id=\"d108223\" data-element_type=\"widget\" data-settings=\"{&quot;design_style&quot;:&quot;style_1&quot;}\" data-widget_type=\"heading.default\">\n\t\t\t\t<div class=\"elementor-widget-container\">\n\t\t\t        \r\n                    <div class=\"section__title section__title-3 wow fadeInUp\" data-wow-delay=\".2s\">\r\n                                <h2 class=\"section-title\">DIVISI\u00d3N LOG\u00cdSTICA<\/h2>                            <\/div>\r\n            \r\n        \t\t<\/div>\n\t\t\t\t<\/div>\n\t\t\t\t\t<\/div>\n\t\t<\/div>\n\t\t\t\t<div class=\"elementor-column elementor-col-16 elementor-top-column elementor-element elementor-element-1bd1bdb\" data-id=\"1bd1bdb\" data-element_type=\"column\">\n\t\t\t<div class=\"elementor-widget-wrap\">\n\t\t\t\t\t\t\t\t\t<\/div>\n\t\t<\/div>\n\t\t\t\t\t\t\t<\/div>\n\t\t<\/section>\n\t\t\t\t<section data-particle_enable=\"false\" data-particle-mobile-disabled=\"false\" class=\"elementor-section elementor-top-section elementor-element elementor-element-3dd9d43 elementor-section-full_width elementor-section-stretched elementor-section-content-middle elementor-section-height-default elementor-section-height-default\" data-id=\"3dd9d43\" data-element_type=\"section\" data-settings=\"{&quot;stretch_section&quot;:&quot;section-stretched&quot;}\">\n\t\t\t\t\t\t<div class=\"elementor-container elementor-column-gap-default\">\n\t\t\t\t\t<div class=\"elementor-column elementor-col-50 elementor-top-column elementor-element elementor-element-217bc12\" data-id=\"217bc12\" data-element_type=\"column\">\n\t\t\t<div class=\"elementor-widget-wrap elementor-element-populated\">\n\t\t\t\t\t\t\t\t<div class=\"elementor-element elementor-element-dcc8b2c elementor-widget elementor-widget-text-editor\" data-id=\"dcc8b2c\" data-element_type=\"widget\" data-widget_type=\"text-editor.default\">\n\t\t\t\t<div class=\"elementor-widget-container\">\n\t\t\t\t\t<div class=\"elementor-text-editor elementor-clearfix\"><p class=\"sangria\">Trabaja como una operadora experta de la log\u00edstica y distribuci\u00f3n de los alimentos y productos b\u00e1sicos de consumo masivo, que llegan a 15.000 puntos de ventas en todo el territorio de Nicaragua, con Centros de Distribuci\u00f3n en Managua, Occidente y San Isidro.\n\nEst\u00e1 asistida la operatividad con una plataforma para la gesti\u00f3n log\u00edstica y funcionalidades que permite la optimizaci\u00f3n de la cadena de suministro, almacenamiento de los inventarios, trazabilidad de los productos y operaciones de distribuci\u00f3n, incluido el transporte punto a punto.\n\nCuenta con 20 Categor\u00edas de Productos y m\u00e1s de 500 variedades, con marcas l\u00edderes: Arroz El Fais\u00e1n, Harina Gemina, Harina de ma\u00edz Maseca, Productos Kimberly Clark, Sal Atl\u00e1ntida, golosinas y alimentos ARCOR y Jugos Ya, entre otros.<\/p><\/div>\n\t\t\t\t<\/div>\n\t\t\t\t<\/div>\n\t\t\t\t\t<\/div>\n\t\t<\/div>\n\t\t\t\t<div class=\"elementor-column elementor-col-50 elementor-top-column elementor-element elementor-element-62a7b2f\" data-id=\"62a7b2f\" data-element_type=\"column\">\n\t\t\t<div class=\"elementor-widget-wrap elementor-element-populated\">\n\t\t\t\t\t\t\t\t<div class=\"elementor-element elementor-element-44f08c4 elementor-widget elementor-widget-image\" data-id=\"44f08c4\" data-element_type=\"widget\" data-widget_type=\"image.default\">\n\t\t\t\t<div class=\"elementor-widget-container\">\n\t\t\t\t\t<div class=\"elementor-image\">\n\t\t\t\t\t\t\t\t\t\t<img width=\"1920\" height=\"1080\" src=\"https:\/\/hostedbyexpresso.com\/clients\/agri2023\/wp-content\/uploads\/2022\/07\/AgriDivLogV02.jpg\" class=\"attachment-full size-full\" alt=\"\" decoding=\"async\" loading=\"lazy\" srcset=\"https:\/\/hostedbyexpresso.com\/clients\/agri2023\/wp-content\/uploads\/2022\/07\/AgriDivLogV02.jpg 1920w, https:\/\/hostedbyexpresso.com\/clients\/agri2023\/wp-content\/uploads\/2022\/07\/AgriDivLogV02-300x169.jpg 300w, https:\/\/hostedbyexpresso.com\/clients\/agri2023\/wp-content\/uploads\/2022\/07\/AgriDivLogV02-1024x576.jpg 1024w, https:\/\/hostedbyexpresso.com\/clients\/agri2023\/wp-content\/uploads\/2022\/07\/AgriDivLogV02-768x432.jpg 768w, https:\/\/hostedbyexpresso.com\/clients\/agri2023\/wp-content\/uploads\/2022\/07\/AgriDivLogV02-1536x864.jpg 1536w\" sizes=\"(max-width: 1920px) 100vw, 1920px\" \/>\t\t\t\t\t\t\t\t\t\t\t<\/div>\n\t\t\t\t<\/div>\n\t\t\t\t<\/div>\n\t\t\t\t\t<\/div>\n\t\t<\/div>\n\t\t\t\t\t\t\t<\/div>\n\t\t<\/section>\n\t\t\t\t<section data-particle_enable=\"false\" data-particle-mobile-disabled=\"false\" class=\"elementor-section elementor-top-section elementor-element elementor-element-b1c0575 elementor-section-boxed elementor-section-height-default elementor-section-height-default\" data-id=\"b1c0575\" data-element_type=\"section\">\n\t\t\t\t\t\t<div class=\"elementor-container elementor-column-gap-default\">\n\t\t\t\t\t<div class=\"elementor-column elementor-col-100 elementor-top-column elementor-element elementor-element-41f6ab2\" data-id=\"41f6ab2\" data-element_type=\"column\">\n\t\t\t<div class=\"elementor-widget-wrap elementor-element-populated\">\n\t\t\t\t\t\t\t\t<div class=\"elementor-element elementor-element-3ee8888 elementor-widget elementor-widget-heading bdevs-el heading\" data-id=\"3ee8888\" data-element_type=\"widget\" data-settings=\"{&quot;design_style&quot;:&quot;style_1&quot;}\" data-widget_type=\"heading.default\">\n\t\t\t\t<div class=\"elementor-widget-container\">\n\t\t\t        \r\n                    <div class=\"section__title section__title-3 wow fadeInUp\" data-wow-delay=\".2s\">\r\n                                <h2 class=\"section-title\">LOS BENEFICIOS TECNOL\u00d3GICOS Y DE NUESTRA EXPERIENCIA<\/h2>                            <\/div>\r\n            \r\n        \t\t<\/div>\n\t\t\t\t<\/div>\n\t\t\t\t\t<\/div>\n\t\t<\/div>\n\t\t\t\t\t\t\t<\/div>\n\t\t<\/section>\n\t\t\t\t<section data-particle_enable=\"false\" data-particle-mobile-disabled=\"false\" class=\"elementor-section elementor-top-section elementor-element elementor-element-4c84db1 elementor-section-full_width elementor-section-stretched elementor-section-content-middle elementor-section-height-default elementor-section-height-default\" data-id=\"4c84db1\" data-element_type=\"section\" data-settings=\"{&quot;stretch_section&quot;:&quot;section-stretched&quot;}\">\n\t\t\t\t\t\t<div class=\"elementor-container elementor-column-gap-default\">\n\t\t\t\t\t<div class=\"elementor-column elementor-col-100 elementor-top-column elementor-element elementor-element-90f699b\" data-id=\"90f699b\" data-element_type=\"column\">\n\t\t\t<div class=\"elementor-widget-wrap elementor-element-populated\">\n\t\t\t\t\t\t\t\t<div class=\"elementor-element elementor-element-bfa83b4 elementor-widget elementor-widget-text-editor\" data-id=\"bfa83b4\" data-element_type=\"widget\" data-widget_type=\"text-editor.default\">\n\t\t\t\t<div class=\"elementor-widget-container\">\n\t\t\t\t\t<div class=\"elementor-text-editor elementor-clearfix\"><p class=\"sangria\">Disminuci\u00f3n de costos, reducido tiempo de procesar informes a proveedores, clientes, etc., eficiente control en la gesti\u00f3n log\u00edstica, pedidos y accesos en tiempo real de la informaci\u00f3n: an\u00e1lisis de cargas, distribuci\u00f3n de las mercanc\u00edas, mejora en el servicio de atenci\u00f3n del cliente. Si ha habido alg\u00fan tipo de incidencia, en ese caso, poder dar \u00f3ptimas soluciones al cliente.<\/p><\/div>\n\t\t\t\t<\/div>\n\t\t\t\t<\/div>\n\t\t\t\t\t<\/div>\n\t\t<\/div>\n\t\t\t\t\t\t\t<\/div>\n\t\t<\/section>\n\t\t\t\t\t\t<\/div>\n\t\t\t\t\t<\/div>\n\t\t","protected":false},"excerpt":{"rendered":"<p>DIVISI\u00d3N LOG\u00cdSTICA Trabaja como una operadora experta de la log\u00edstica y distribuci\u00f3n de los alimentos y productos b\u00e1sicos de consumo masivo, que llegan a 15.000 puntos de ventas en todo el territorio de Nicaragua, con Centros de Distribuci\u00f3n en Managua, Occidente y San Isidro. Est\u00e1 asistida la operatividad con una plataforma para la gesti\u00f3n log\u00edstica [&hellip;]<\/p>\n","protected":false},"author":1,"featured_media":0,"parent":0,"menu_order":0,"comment_status":"closed","ping_status":"closed","template":"elementor_header_footer","meta":[],"acf":[],"_links":{"self":[{"href":"https:\/\/hostedbyexpresso.com\/clients\/agri2023\/wp-json\/wp\/v2\/pages\/1939"}],"collection":[{"href":"https:\/\/hostedbyexpresso.com\/clients\/agri2023\/wp-json\/wp\/v2\/pages"}],"about":[{"href":"https:\/\/hostedbyexpresso.com\/clients\/agri2023\/wp-json\/wp\/v2\/types\/page"}],"author":[{"embeddable":true,"href":"https:\/\/hostedbyexpresso.com\/clients\/agri2023\/wp-json\/wp\/v2\/users\/1"}],"replies":[{"embeddable":true,"href":"https:\/\/hostedbyexpresso.com\/clients\/agri2023\/wp-json\/wp\/v2\/comments?post=1939"}],"version-history":[{"count":52,"href":"https:\/\/hostedbyexpresso.com\/clients\/agri2023\/wp-json\/wp\/v2\/pages\/1939\/revisions"}],"predecessor-version":[{"id":6649,"href":"https:\/\/hostedbyexpresso.com\/clients\/agri2023\/wp-json\/wp\/v2\/pages\/1939\/revisions\/6649"}],"wp:attachment":[{"href":"https:\/\/hostedbyexpresso.com\/clients\/agri2023\/wp-json\/wp\/v2\/media?parent=1939"}],"curies":[{"name":"wp","href":"https:\/\/api.w.org\/{rel}","templated":true}]}}