{"id":1910,"date":"2021-06-17T21:29:32","date_gmt":"2021-06-17T21:29:32","guid":{"rendered":"https:\/\/hostedbyexpresso.com\/clients\/agri2023\/?page_id=1910"},"modified":"2022-08-23T10:24:43","modified_gmt":"2022-08-23T16:24:43","slug":"division-comercial","status":"publish","type":"page","link":"https:\/\/hostedbyexpresso.com\/clients\/agri2023\/division-comercial\/","title":{"rendered":"Divisi\u00f3n Comercial"},"content":{"rendered":"\t\t<div data-elementor-type=\"wp-page\" data-elementor-id=\"1910\" class=\"elementor elementor-1910\" data-elementor-settings=\"[]\">\n\t\t\t\t\t\t\t<div class=\"elementor-section-wrap\">\n\t\t\t\t\t\t\t<section data-particle_enable=\"false\" data-particle-mobile-disabled=\"false\" class=\"elementor-section elementor-top-section elementor-element elementor-element-9997fa7 elementor-section-height-min-height elementor-section-boxed elementor-section-height-default elementor-section-items-middle\" data-id=\"9997fa7\" data-element_type=\"section\" data-settings=\"{&quot;background_background&quot;:&quot;classic&quot;}\">\n\t\t\t\t\t\t\t<div class=\"elementor-background-overlay\"><\/div>\n\t\t\t\t\t\t\t<div class=\"elementor-container elementor-column-gap-default\">\n\t\t\t\t\t<div class=\"elementor-column elementor-col-100 elementor-top-column elementor-element elementor-element-d3f6ba9\" data-id=\"d3f6ba9\" data-element_type=\"column\">\n\t\t\t<div class=\"elementor-widget-wrap\">\n\t\t\t\t\t\t\t\t\t<\/div>\n\t\t<\/div>\n\t\t\t\t\t\t\t<\/div>\n\t\t<\/section>\n\t\t\t\t<section data-particle_enable=\"false\" data-particle-mobile-disabled=\"false\" class=\"elementor-section elementor-top-section elementor-element elementor-element-0ba2a14 elementor-section-boxed elementor-section-height-default elementor-section-height-default\" data-id=\"0ba2a14\" data-element_type=\"section\" data-settings=\"{&quot;background_background&quot;:&quot;classic&quot;}\">\n\t\t\t\t\t\t<div class=\"elementor-container elementor-column-gap-default\">\n\t\t\t\t\t<div class=\"elementor-column elementor-col-16 elementor-top-column elementor-element elementor-element-908023e\" data-id=\"908023e\" data-element_type=\"column\">\n\t\t\t<div class=\"elementor-widget-wrap\">\n\t\t\t\t\t\t\t\t\t<\/div>\n\t\t<\/div>\n\t\t\t\t<div class=\"elementor-column elementor-col-66 elementor-top-column elementor-element elementor-element-566b859\" data-id=\"566b859\" data-element_type=\"column\" data-settings=\"{&quot;background_background&quot;:&quot;classic&quot;}\">\n\t\t\t<div class=\"elementor-widget-wrap elementor-element-populated\">\n\t\t\t\t\t\t\t\t<div class=\"elementor-element elementor-element-d108223 elementor-widget elementor-widget-heading bdevs-el heading\" data-id=\"d108223\" data-element_type=\"widget\" data-settings=\"{&quot;design_style&quot;:&quot;style_1&quot;}\" data-widget_type=\"heading.default\">\n\t\t\t\t<div class=\"elementor-widget-container\">\n\t\t\t        \r\n                    <div class=\"section__title section__title-3 wow fadeInUp\" data-wow-delay=\".2s\">\r\n                                <h2 class=\"section-title\">DIVISI\u00d3N COMERCIAL<\/h2>                            <\/div>\r\n            \r\n        \t\t<\/div>\n\t\t\t\t<\/div>\n\t\t\t\t\t<\/div>\n\t\t<\/div>\n\t\t\t\t<div class=\"elementor-column elementor-col-16 elementor-top-column elementor-element elementor-element-1bd1bdb\" data-id=\"1bd1bdb\" data-element_type=\"column\">\n\t\t\t<div class=\"elementor-widget-wrap\">\n\t\t\t\t\t\t\t\t\t<\/div>\n\t\t<\/div>\n\t\t\t\t\t\t\t<\/div>\n\t\t<\/section>\n\t\t\t\t<section data-particle_enable=\"false\" data-particle-mobile-disabled=\"false\" class=\"elementor-section elementor-top-section elementor-element elementor-element-3dd9d43 elementor-section-full_width elementor-section-stretched elementor-section-content-middle elementor-section-height-default elementor-section-height-default\" data-id=\"3dd9d43\" data-element_type=\"section\" data-settings=\"{&quot;stretch_section&quot;:&quot;section-stretched&quot;}\">\n\t\t\t\t\t\t<div class=\"elementor-container elementor-column-gap-default\">\n\t\t\t\t\t<div class=\"elementor-column elementor-col-50 elementor-top-column elementor-element elementor-element-217bc12\" data-id=\"217bc12\" data-element_type=\"column\">\n\t\t\t<div class=\"elementor-widget-wrap elementor-element-populated\">\n\t\t\t\t\t\t\t\t<div class=\"elementor-element elementor-element-dcc8b2c elementor-widget elementor-widget-text-editor\" data-id=\"dcc8b2c\" data-element_type=\"widget\" data-widget_type=\"text-editor.default\">\n\t\t\t\t<div class=\"elementor-widget-container\">\n\t\t\t\t\t<div class=\"elementor-text-editor elementor-clearfix\"><p class=\"sangria\">La Divisi\u00f3n Comercial de AGRICORP comercializa arroz de alta calidad y asegura la venta de una gama amplia de alimentos b\u00e1sicos hasta productos de consumo masivo familiar, tanto a los grandes espacios comerciales como a las peque\u00f1as pulper\u00edas y tiendas diseminadas a todo lo ancho del pa\u00eds. Su compromiso es ofrecerlos de manera confiable y estable.<\/p>\n\n<p class=\"sangria\">Desde el a\u00f1o 2003 se distribuyen alimentos y productos con mucho prestigio de proveedores nacionales e internacionales y que suplen una parte importante de las necesidades diarias de la gran familia nicarag\u00fcense. Son productos de gran calidad y a precios muy competitivos.<\/p><\/div>\n\t\t\t\t<\/div>\n\t\t\t\t<\/div>\n\t\t\t\t\t<\/div>\n\t\t<\/div>\n\t\t\t\t<div class=\"elementor-column elementor-col-50 elementor-top-column elementor-element elementor-element-62a7b2f\" data-id=\"62a7b2f\" data-element_type=\"column\">\n\t\t\t<div class=\"elementor-widget-wrap elementor-element-populated\">\n\t\t\t\t\t\t\t\t<div class=\"elementor-element elementor-element-44f08c4 elementor-widget elementor-widget-image\" data-id=\"44f08c4\" data-element_type=\"widget\" data-widget_type=\"image.default\">\n\t\t\t\t<div class=\"elementor-widget-container\">\n\t\t\t\t\t<div class=\"elementor-image\">\n\t\t\t\t\t\t\t\t\t\t<img width=\"1920\" height=\"1080\" src=\"https:\/\/hostedbyexpresso.com\/clients\/agri2023\/wp-content\/uploads\/2022\/07\/DiviComerV03.jpg\" class=\"attachment-full size-full\" alt=\"\" decoding=\"async\" loading=\"lazy\" srcset=\"https:\/\/hostedbyexpresso.com\/clients\/agri2023\/wp-content\/uploads\/2022\/07\/DiviComerV03.jpg 1920w, https:\/\/hostedbyexpresso.com\/clients\/agri2023\/wp-content\/uploads\/2022\/07\/DiviComerV03-300x169.jpg 300w, https:\/\/hostedbyexpresso.com\/clients\/agri2023\/wp-content\/uploads\/2022\/07\/DiviComerV03-1024x576.jpg 1024w, https:\/\/hostedbyexpresso.com\/clients\/agri2023\/wp-content\/uploads\/2022\/07\/DiviComerV03-768x432.jpg 768w, https:\/\/hostedbyexpresso.com\/clients\/agri2023\/wp-content\/uploads\/2022\/07\/DiviComerV03-1536x864.jpg 1536w\" sizes=\"(max-width: 1920px) 100vw, 1920px\" \/>\t\t\t\t\t\t\t\t\t\t\t<\/div>\n\t\t\t\t<\/div>\n\t\t\t\t<\/div>\n\t\t\t\t\t<\/div>\n\t\t<\/div>\n\t\t\t\t\t\t\t<\/div>\n\t\t<\/section>\n\t\t\t\t<section data-particle_enable=\"false\" data-particle-mobile-disabled=\"false\" class=\"elementor-section elementor-top-section elementor-element elementor-element-b1c0575 elementor-section-boxed elementor-section-height-default elementor-section-height-default\" data-id=\"b1c0575\" data-element_type=\"section\">\n\t\t\t\t\t\t<div class=\"elementor-container elementor-column-gap-default\">\n\t\t\t\t\t<div class=\"elementor-column elementor-col-100 elementor-top-column elementor-element elementor-element-41f6ab2\" data-id=\"41f6ab2\" data-element_type=\"column\">\n\t\t\t<div class=\"elementor-widget-wrap elementor-element-populated\">\n\t\t\t\t\t\t\t\t<div class=\"elementor-element elementor-element-3ee8888 elementor-widget elementor-widget-heading bdevs-el heading\" data-id=\"3ee8888\" data-element_type=\"widget\" data-settings=\"{&quot;design_style&quot;:&quot;style_1&quot;}\" data-widget_type=\"heading.default\">\n\t\t\t\t<div class=\"elementor-widget-container\">\n\t\t\t        \r\n                    <div class=\"section__title section__title-3 wow fadeInUp\" data-wow-delay=\".2s\">\r\n                                <h2 class=\"section-title\">SISTEMA DE DISTRIBUCI\u00d3N<\/h2>                            <\/div>\r\n            \r\n        \t\t<\/div>\n\t\t\t\t<\/div>\n\t\t\t\t\t<\/div>\n\t\t<\/div>\n\t\t\t\t\t\t\t<\/div>\n\t\t<\/section>\n\t\t\t\t<section data-particle_enable=\"false\" data-particle-mobile-disabled=\"false\" class=\"elementor-section elementor-top-section elementor-element elementor-element-4c84db1 elementor-section-full_width elementor-section-stretched elementor-section-content-middle elementor-section-height-default elementor-section-height-default\" data-id=\"4c84db1\" data-element_type=\"section\" data-settings=\"{&quot;stretch_section&quot;:&quot;section-stretched&quot;}\">\n\t\t\t\t\t\t<div class=\"elementor-container elementor-column-gap-default\">\n\t\t\t\t\t<div class=\"elementor-column elementor-col-100 elementor-top-column elementor-element elementor-element-c26ccb1\" data-id=\"c26ccb1\" data-element_type=\"column\">\n\t\t\t<div class=\"elementor-widget-wrap elementor-element-populated\">\n\t\t\t\t\t\t\t\t<div class=\"elementor-element elementor-element-6be0215 elementor-widget elementor-widget-image\" data-id=\"6be0215\" data-element_type=\"widget\" data-widget_type=\"image.default\">\n\t\t\t\t<div class=\"elementor-widget-container\">\n\t\t\t\t\t<div class=\"elementor-image\">\n\t\t\t\t\t\t\t\t\t\t<img width=\"580\" height=\"326\" src=\"https:\/\/hostedbyexpresso.com\/clients\/agri2023\/wp-content\/uploads\/2022\/07\/DivComer0321-1024x576.jpg\" class=\"attachment-large size-large\" alt=\"\" decoding=\"async\" loading=\"lazy\" srcset=\"https:\/\/hostedbyexpresso.com\/clients\/agri2023\/wp-content\/uploads\/2022\/07\/DivComer0321-1024x576.jpg 1024w, https:\/\/hostedbyexpresso.com\/clients\/agri2023\/wp-content\/uploads\/2022\/07\/DivComer0321-300x169.jpg 300w, https:\/\/hostedbyexpresso.com\/clients\/agri2023\/wp-content\/uploads\/2022\/07\/DivComer0321-768x432.jpg 768w, https:\/\/hostedbyexpresso.com\/clients\/agri2023\/wp-content\/uploads\/2022\/07\/DivComer0321-1536x864.jpg 1536w, https:\/\/hostedbyexpresso.com\/clients\/agri2023\/wp-content\/uploads\/2022\/07\/DivComer0321.jpg 1920w\" sizes=\"(max-width: 580px) 100vw, 580px\" \/>\t\t\t\t\t\t\t\t\t\t\t<\/div>\n\t\t\t\t<\/div>\n\t\t\t\t<\/div>\n\t\t\t\t\t<\/div>\n\t\t<\/div>\n\t\t\t\t<div class=\"elementor-column elementor-col-100 elementor-top-column elementor-element elementor-element-90f699b\" data-id=\"90f699b\" data-element_type=\"column\">\n\t\t\t<div class=\"elementor-widget-wrap elementor-element-populated\">\n\t\t\t\t\t\t\t\t<div class=\"elementor-element elementor-element-bfa83b4 elementor-widget elementor-widget-text-editor\" data-id=\"bfa83b4\" data-element_type=\"widget\" data-widget_type=\"text-editor.default\">\n\t\t\t\t<div class=\"elementor-widget-container\">\n\t\t\t\t\t<div class=\"elementor-text-editor elementor-clearfix\"><p class=\"sangria\">Respetamos los canales que operan en nuestro pa\u00eds, los puntos de venta habilitados y mediante este procedimiento, garantizamos la accesibilidad de alimentos y productos al consumidor o cliente final que llegan a la mayor parte del territorio nacional a trav\u00e9s de m\u00e1s de 15,000 puntos de venta efectivos.<\/p>\n\n<p class=\"sangria\">Proveemos el comercio detallista, mayorista, supermercado, panadero, etc., de manera semanal, quincenal o mensual con unas veinte categor\u00edas de productos y unos 600 a 700 variedades de ellos.<\/p>\n\n<p class=\"sangria\">AGRICORP asume la tarea de un especialista trabajando por categor\u00edas y estas operaciones conllevan un volumen muy alto de datos por lo que se cuenta con tecnolog\u00edas que facilitan la gesti\u00f3n comercial. Contamos con Representantes de Categor\u00edas, Coordinadores, supervisores y vendedores que atienden a los Canales: Detallistas, Mayoristas, Supermercados, Panader\u00edas, Pasteler\u00edas y de Mercadeo.<\/p><\/div>\n\t\t\t\t<\/div>\n\t\t\t\t<\/div>\n\t\t\t\t\t<\/div>\n\t\t<\/div>\n\t\t\t\t\t\t\t<\/div>\n\t\t<\/section>\n\t\t\t\t<section data-particle_enable=\"false\" data-particle-mobile-disabled=\"false\" class=\"elementor-section elementor-top-section elementor-element elementor-element-187b567 elementor-section-full_width elementor-section-stretched elementor-section-content-middle elementor-section-height-default elementor-section-height-default\" data-id=\"187b567\" data-element_type=\"section\" data-settings=\"{&quot;stretch_section&quot;:&quot;section-stretched&quot;}\">\n\t\t\t\t\t\t<div class=\"elementor-container elementor-column-gap-default\">\n\t\t\t\t\t\t\t\t<\/div>\n\t\t<\/section>\n\t\t\t\t<section data-particle_enable=\"false\" data-particle-mobile-disabled=\"false\" class=\"elementor-section elementor-top-section elementor-element elementor-element-29f0852 elementor-section-boxed elementor-section-height-default elementor-section-height-default\" data-id=\"29f0852\" data-element_type=\"section\">\n\t\t\t\t\t\t<div class=\"elementor-container elementor-column-gap-default\">\n\t\t\t\t\t<div class=\"elementor-column elementor-col-16 elementor-top-column elementor-element elementor-element-ec1ad03\" data-id=\"ec1ad03\" data-element_type=\"column\">\n\t\t\t<div class=\"elementor-widget-wrap\">\n\t\t\t\t\t\t\t\t\t<\/div>\n\t\t<\/div>\n\t\t\t\t<div class=\"elementor-column elementor-col-66 elementor-top-column elementor-element elementor-element-4978651\" data-id=\"4978651\" data-element_type=\"column\">\n\t\t\t<div class=\"elementor-widget-wrap elementor-element-populated\">\n\t\t\t\t\t\t\t\t<div class=\"elementor-element elementor-element-1cb0f7b elementor-widget elementor-widget-text-editor\" data-id=\"1cb0f7b\" data-element_type=\"widget\" data-widget_type=\"text-editor.default\">\n\t\t\t\t<div class=\"elementor-widget-container\">\n\t\t\t\t\t<div class=\"elementor-text-editor elementor-clearfix\">Si deseas contactarnos env\u00edanos un mensaje<\/div>\n\t\t\t\t<\/div>\n\t\t\t\t<\/div>\n\t\t\t\t<div class=\"elementor-element elementor-element-d9ff996 elementor-widget elementor-widget-eael-creative-button\" data-id=\"d9ff996\" data-element_type=\"widget\" data-widget_type=\"eael-creative-button.default\">\n\t\t\t\t<div class=\"elementor-widget-container\">\n\t\t\t        <div class=\"eael-creative-button-wrapper\">\n\n            <a class=\"eael-creative-button eael-creative-button--default\" href=\"https:\/\/digitalforest.tech\/clients\/agri2023\/contacto-clientes\/\" data-text=\"Go!\">\n\n                <div class=\"creative-button-inner\">\n\n                                                                                                                                                                                \n                    <span class=\"cretive-button-text\">Contacto<\/span>\n\n                    \n                <\/div>\n            <\/a>\n        <\/div>\n\t\t<\/div>\n\t\t\t\t<\/div>\n\t\t\t\t\t<\/div>\n\t\t<\/div>\n\t\t\t\t<div class=\"elementor-column elementor-col-16 elementor-top-column elementor-element elementor-element-3f92a13\" data-id=\"3f92a13\" data-element_type=\"column\">\n\t\t\t<div class=\"elementor-widget-wrap\">\n\t\t\t\t\t\t\t\t\t<\/div>\n\t\t<\/div>\n\t\t\t\t\t\t\t<\/div>\n\t\t<\/section>\n\t\t\t\t\t\t<\/div>\n\t\t\t\t\t<\/div>\n\t\t","protected":false},"excerpt":{"rendered":"<p>DIVISI\u00d3N COMERCIAL La Divisi\u00f3n Comercial de AGRICORP comercializa arroz de alta calidad y asegura la venta de una gama amplia de alimentos b\u00e1sicos hasta productos de consumo masivo familiar, tanto a los grandes espacios comerciales como a las peque\u00f1as pulper\u00edas y tiendas diseminadas a todo lo ancho del pa\u00eds. Su compromiso es ofrecerlos de manera [&hellip;]<\/p>\n","protected":false},"author":1,"featured_media":0,"parent":0,"menu_order":0,"comment_status":"closed","ping_status":"closed","template":"elementor_header_footer","meta":[],"acf":[],"_links":{"self":[{"href":"https:\/\/hostedbyexpresso.com\/clients\/agri2023\/wp-json\/wp\/v2\/pages\/1910"}],"collection":[{"href":"https:\/\/hostedbyexpresso.com\/clients\/agri2023\/wp-json\/wp\/v2\/pages"}],"about":[{"href":"https:\/\/hostedbyexpresso.com\/clients\/agri2023\/wp-json\/wp\/v2\/types\/page"}],"author":[{"embeddable":true,"href":"https:\/\/hostedbyexpresso.com\/clients\/agri2023\/wp-json\/wp\/v2\/users\/1"}],"replies":[{"embeddable":true,"href":"https:\/\/hostedbyexpresso.com\/clients\/agri2023\/wp-json\/wp\/v2\/comments?post=1910"}],"version-history":[{"count":79,"href":"https:\/\/hostedbyexpresso.com\/clients\/agri2023\/wp-json\/wp\/v2\/pages\/1910\/revisions"}],"predecessor-version":[{"id":6646,"href":"https:\/\/hostedbyexpresso.com\/clients\/agri2023\/wp-json\/wp\/v2\/pages\/1910\/revisions\/6646"}],"wp:attachment":[{"href":"https:\/\/hostedbyexpresso.com\/clients\/agri2023\/wp-json\/wp\/v2\/media?parent=1910"}],"curies":[{"name":"wp","href":"https:\/\/api.w.org\/{rel}","templated":true}]}}