{"id":1859,"date":"2021-06-17T16:25:22","date_gmt":"2021-06-17T16:25:22","guid":{"rendered":"https:\/\/hostedbyexpresso.com\/clients\/agri2023\/?page_id=1859"},"modified":"2022-08-23T10:20:41","modified_gmt":"2022-08-23T16:20:41","slug":"division-industrial","status":"publish","type":"page","link":"https:\/\/hostedbyexpresso.com\/clients\/agri2023\/division-industrial\/","title":{"rendered":"Divisi\u00f3n Industrial"},"content":{"rendered":"\t\t<div data-elementor-type=\"wp-page\" data-elementor-id=\"1859\" class=\"elementor elementor-1859\" data-elementor-settings=\"[]\">\n\t\t\t\t\t\t\t<div class=\"elementor-section-wrap\">\n\t\t\t\t\t\t\t<section data-particle_enable=\"false\" data-particle-mobile-disabled=\"false\" class=\"elementor-section elementor-top-section elementor-element elementor-element-8647cae elementor-section-height-min-height elementor-section-boxed elementor-section-height-default elementor-section-items-middle\" data-id=\"8647cae\" data-element_type=\"section\" data-settings=\"{&quot;background_background&quot;:&quot;classic&quot;}\">\n\t\t\t\t\t\t\t<div class=\"elementor-background-overlay\"><\/div>\n\t\t\t\t\t\t\t<div class=\"elementor-container elementor-column-gap-default\">\n\t\t\t\t\t<div class=\"elementor-column elementor-col-100 elementor-top-column elementor-element elementor-element-62e8ef8\" data-id=\"62e8ef8\" data-element_type=\"column\">\n\t\t\t<div class=\"elementor-widget-wrap\">\n\t\t\t\t\t\t\t\t\t<\/div>\n\t\t<\/div>\n\t\t\t\t\t\t\t<\/div>\n\t\t<\/section>\n\t\t\t\t<section data-particle_enable=\"false\" data-particle-mobile-disabled=\"false\" class=\"elementor-section elementor-top-section elementor-element elementor-element-0ba2a14 elementor-section-boxed elementor-section-height-default elementor-section-height-default\" data-id=\"0ba2a14\" data-element_type=\"section\" data-settings=\"{&quot;background_background&quot;:&quot;classic&quot;}\">\n\t\t\t\t\t\t<div class=\"elementor-container elementor-column-gap-default\">\n\t\t\t\t\t<div class=\"elementor-column elementor-col-16 elementor-top-column elementor-element elementor-element-908023e\" data-id=\"908023e\" data-element_type=\"column\">\n\t\t\t<div class=\"elementor-widget-wrap\">\n\t\t\t\t\t\t\t\t\t<\/div>\n\t\t<\/div>\n\t\t\t\t<div class=\"elementor-column elementor-col-66 elementor-top-column elementor-element elementor-element-566b859\" data-id=\"566b859\" data-element_type=\"column\" data-settings=\"{&quot;background_background&quot;:&quot;classic&quot;}\">\n\t\t\t<div class=\"elementor-widget-wrap elementor-element-populated\">\n\t\t\t\t\t\t\t\t<div class=\"elementor-element elementor-element-d108223 elementor-widget elementor-widget-heading bdevs-el heading\" data-id=\"d108223\" data-element_type=\"widget\" data-settings=\"{&quot;design_style&quot;:&quot;style_1&quot;}\" data-widget_type=\"heading.default\">\n\t\t\t\t<div class=\"elementor-widget-container\">\n\t\t\t        \r\n                    <div class=\"section__title section__title-3 wow fadeInUp\" data-wow-delay=\".2s\">\r\n                                <h2 class=\"section-title\">DIVISI\u00d3N INDUSTRIAL<\/h2>                            <\/div>\r\n            \r\n        \t\t<\/div>\n\t\t\t\t<\/div>\n\t\t\t\t\t<\/div>\n\t\t<\/div>\n\t\t\t\t<div class=\"elementor-column elementor-col-16 elementor-top-column elementor-element elementor-element-1bd1bdb\" data-id=\"1bd1bdb\" data-element_type=\"column\">\n\t\t\t<div class=\"elementor-widget-wrap\">\n\t\t\t\t\t\t\t\t\t<\/div>\n\t\t<\/div>\n\t\t\t\t\t\t\t<\/div>\n\t\t<\/section>\n\t\t\t\t<section data-particle_enable=\"false\" data-particle-mobile-disabled=\"false\" class=\"elementor-section elementor-top-section elementor-element elementor-element-3dd9d43 elementor-section-full_width elementor-section-stretched elementor-section-content-middle elementor-section-height-default elementor-section-height-default\" data-id=\"3dd9d43\" data-element_type=\"section\" data-settings=\"{&quot;stretch_section&quot;:&quot;section-stretched&quot;}\">\n\t\t\t\t\t\t<div class=\"elementor-container elementor-column-gap-default\">\n\t\t\t\t\t<div class=\"elementor-column elementor-col-50 elementor-top-column elementor-element elementor-element-217bc12\" data-id=\"217bc12\" data-element_type=\"column\">\n\t\t\t<div class=\"elementor-widget-wrap elementor-element-populated\">\n\t\t\t\t\t\t\t\t<div class=\"elementor-element elementor-element-dcc8b2c elementor-widget elementor-widget-text-editor\" data-id=\"dcc8b2c\" data-element_type=\"widget\" data-widget_type=\"text-editor.default\">\n\t\t\t\t<div class=\"elementor-widget-container\">\n\t\t\t\t\t<div class=\"elementor-text-editor elementor-clearfix\"><p class=\"sangria\">Transforma la materia prima (arroz en granza) de los productores agr\u00edcolas en producto terminado para el consumo humano. Contando con las mejores pr\u00e1cticas de calidad, con personal certificado y con a\u00f1os de experiencia, utilizando a trav\u00e9s del proceso industrial maquinaria y equipos de \u00faltima generaci\u00f3n con tecnolog\u00eda integrada.\nCuenta con 3 Centros Industriales procesadores de arroz, certificadas con Buenas Pr\u00e1cticas de Manufactura (BPM) desde el a\u00f1o 2009 y equipados con tecnolog\u00eda de \u00faltima generaci\u00f3n estandarizada e integrada con equipos B\u00fchler, Satake y otros, ubicados en: Chinandega, Tipitapa, y San Isidro.<p><\/div>\n\t\t\t\t<\/div>\n\t\t\t\t<\/div>\n\t\t\t\t\t<\/div>\n\t\t<\/div>\n\t\t\t\t<div class=\"elementor-column elementor-col-50 elementor-top-column elementor-element elementor-element-62a7b2f\" data-id=\"62a7b2f\" data-element_type=\"column\">\n\t\t\t<div class=\"elementor-widget-wrap elementor-element-populated\">\n\t\t\t\t\t\t\t\t<div class=\"elementor-element elementor-element-44f08c4 elementor-widget elementor-widget-image\" data-id=\"44f08c4\" data-element_type=\"widget\" data-widget_type=\"image.default\">\n\t\t\t\t<div class=\"elementor-widget-container\">\n\t\t\t\t\t<div class=\"elementor-image\">\n\t\t\t\t\t\t\t\t\t\t<img width=\"1920\" height=\"1080\" src=\"https:\/\/hostedbyexpresso.com\/clients\/agri2023\/wp-content\/uploads\/2022\/07\/AgricopIndustV01.jpg\" class=\"attachment-full size-full\" alt=\"\" decoding=\"async\" loading=\"lazy\" srcset=\"https:\/\/hostedbyexpresso.com\/clients\/agri2023\/wp-content\/uploads\/2022\/07\/AgricopIndustV01.jpg 1920w, https:\/\/hostedbyexpresso.com\/clients\/agri2023\/wp-content\/uploads\/2022\/07\/AgricopIndustV01-300x169.jpg 300w, https:\/\/hostedbyexpresso.com\/clients\/agri2023\/wp-content\/uploads\/2022\/07\/AgricopIndustV01-1024x576.jpg 1024w, https:\/\/hostedbyexpresso.com\/clients\/agri2023\/wp-content\/uploads\/2022\/07\/AgricopIndustV01-768x432.jpg 768w, https:\/\/hostedbyexpresso.com\/clients\/agri2023\/wp-content\/uploads\/2022\/07\/AgricopIndustV01-1536x864.jpg 1536w\" sizes=\"(max-width: 1920px) 100vw, 1920px\" \/>\t\t\t\t\t\t\t\t\t\t\t<\/div>\n\t\t\t\t<\/div>\n\t\t\t\t<\/div>\n\t\t\t\t\t<\/div>\n\t\t<\/div>\n\t\t\t\t\t\t\t<\/div>\n\t\t<\/section>\n\t\t\t\t<section data-particle_enable=\"false\" data-particle-mobile-disabled=\"false\" class=\"elementor-section elementor-top-section elementor-element elementor-element-b1c0575 elementor-section-boxed elementor-section-height-default elementor-section-height-default\" data-id=\"b1c0575\" data-element_type=\"section\">\n\t\t\t\t\t\t<div class=\"elementor-container elementor-column-gap-default\">\n\t\t\t\t\t<div class=\"elementor-column elementor-col-100 elementor-top-column elementor-element elementor-element-41f6ab2\" data-id=\"41f6ab2\" data-element_type=\"column\">\n\t\t\t<div class=\"elementor-widget-wrap elementor-element-populated\">\n\t\t\t\t\t\t\t\t<div class=\"elementor-element elementor-element-3ee8888 elementor-widget elementor-widget-heading bdevs-el heading\" data-id=\"3ee8888\" data-element_type=\"widget\" data-settings=\"{&quot;design_style&quot;:&quot;style_1&quot;}\" data-widget_type=\"heading.default\">\n\t\t\t\t<div class=\"elementor-widget-container\">\n\t\t\t        \r\n                    <div class=\"section__title section__title-3 wow fadeInUp\" data-wow-delay=\".2s\">\r\n                                <h2 class=\"section-title\">PRODUCCI\u00d3N RESPONSABLE<\/h2>                            <\/div>\r\n            \r\n        \t\t<\/div>\n\t\t\t\t<\/div>\n\t\t\t\t\t<\/div>\n\t\t<\/div>\n\t\t\t\t\t\t\t<\/div>\n\t\t<\/section>\n\t\t\t\t<section data-particle_enable=\"false\" data-particle-mobile-disabled=\"false\" class=\"elementor-section elementor-top-section elementor-element elementor-element-4c84db1 elementor-section-full_width elementor-section-stretched elementor-section-content-middle elementor-section-height-default elementor-section-height-default\" data-id=\"4c84db1\" data-element_type=\"section\" data-settings=\"{&quot;stretch_section&quot;:&quot;section-stretched&quot;}\">\n\t\t\t\t\t\t<div class=\"elementor-container elementor-column-gap-default\">\n\t\t\t\t\t<div class=\"elementor-column elementor-col-50 elementor-top-column elementor-element elementor-element-daf12ca\" data-id=\"daf12ca\" data-element_type=\"column\">\n\t\t\t<div class=\"elementor-widget-wrap elementor-element-populated\">\n\t\t\t\t\t\t\t\t<div class=\"elementor-element elementor-element-bdfb077 elementor-widget elementor-widget-image\" data-id=\"bdfb077\" data-element_type=\"widget\" data-widget_type=\"image.default\">\n\t\t\t\t<div class=\"elementor-widget-container\">\n\t\t\t\t\t<div class=\"elementor-image\">\n\t\t\t\t\t\t\t\t\t\t<img width=\"1116\" height=\"628\" src=\"https:\/\/hostedbyexpresso.com\/clients\/agri2023\/wp-content\/uploads\/2022\/07\/AgriIndusV02.jpg\" class=\"attachment-full size-full\" alt=\"\" decoding=\"async\" loading=\"lazy\" srcset=\"https:\/\/hostedbyexpresso.com\/clients\/agri2023\/wp-content\/uploads\/2022\/07\/AgriIndusV02.jpg 1116w, https:\/\/hostedbyexpresso.com\/clients\/agri2023\/wp-content\/uploads\/2022\/07\/AgriIndusV02-300x169.jpg 300w, https:\/\/hostedbyexpresso.com\/clients\/agri2023\/wp-content\/uploads\/2022\/07\/AgriIndusV02-1024x576.jpg 1024w, https:\/\/hostedbyexpresso.com\/clients\/agri2023\/wp-content\/uploads\/2022\/07\/AgriIndusV02-768x432.jpg 768w\" sizes=\"(max-width: 1116px) 100vw, 1116px\" \/>\t\t\t\t\t\t\t\t\t\t\t<\/div>\n\t\t\t\t<\/div>\n\t\t\t\t<\/div>\n\t\t\t\t\t<\/div>\n\t\t<\/div>\n\t\t\t\t<div class=\"elementor-column elementor-col-50 elementor-top-column elementor-element elementor-element-90f699b\" data-id=\"90f699b\" data-element_type=\"column\">\n\t\t\t<div class=\"elementor-widget-wrap elementor-element-populated\">\n\t\t\t\t\t\t\t\t<div class=\"elementor-element elementor-element-bfa83b4 elementor-widget elementor-widget-text-editor\" data-id=\"bfa83b4\" data-element_type=\"widget\" data-widget_type=\"text-editor.default\">\n\t\t\t\t<div class=\"elementor-widget-container\">\n\t\t\t\t\t<div class=\"elementor-text-editor elementor-clearfix\"><p class=\"sangria\">La Gerencia Industrial trabaja bajo procesos productivos que combinan una gesti\u00f3n ambientalmente responsable, basada en la integraci\u00f3n de las tecnolog\u00edas e innovaci\u00f3n, enfocada en actividades para gestionar \u00edntegramente y de manera armoniosa las diferentes variables, teniendo como prop\u00f3sito el logro de un Sistema Integrado de Gesti\u00f3n (SIG), calidad, inocuidad de los alimentos, higiene y seguridad del trabajo; junto con la implementaci\u00f3n de normas precisas, que se dirigen a disminuir nuestras externalidades.<\/p><\/div>\n\t\t\t\t<\/div>\n\t\t\t\t<\/div>\n\t\t\t\t\t<\/div>\n\t\t<\/div>\n\t\t\t\t\t\t\t<\/div>\n\t\t<\/section>\n\t\t\t\t<section data-particle_enable=\"false\" data-particle-mobile-disabled=\"false\" class=\"elementor-section elementor-top-section elementor-element elementor-element-30994a6 elementor-section-boxed elementor-section-height-default elementor-section-height-default\" data-id=\"30994a6\" data-element_type=\"section\">\n\t\t\t\t\t\t<div class=\"elementor-container elementor-column-gap-default\">\n\t\t\t\t\t<div class=\"elementor-column elementor-col-100 elementor-top-column elementor-element elementor-element-1175819\" data-id=\"1175819\" data-element_type=\"column\">\n\t\t\t<div class=\"elementor-widget-wrap elementor-element-populated\">\n\t\t\t\t\t\t\t\t<div class=\"elementor-element elementor-element-448560c elementor-widget elementor-widget-heading bdevs-el heading\" data-id=\"448560c\" data-element_type=\"widget\" data-settings=\"{&quot;design_style&quot;:&quot;style_1&quot;}\" data-widget_type=\"heading.default\">\n\t\t\t\t<div class=\"elementor-widget-container\">\n\t\t\t        \r\n                    <div class=\"section__title section__title-3 wow fadeInUp\" data-wow-delay=\".2s\">\r\n                                <h2 class=\"section-title\">RECONOCIMIENTOS, CERTIFICACIONES Y HOMOLOGACIONES<\/h2>                            <\/div>\r\n            \r\n        \t\t<\/div>\n\t\t\t\t<\/div>\n\t\t\t\t<div class=\"elementor-element elementor-element-15eb0b6 elementor-widget elementor-widget-text-editor\" data-id=\"15eb0b6\" data-element_type=\"widget\" data-widget_type=\"text-editor.default\">\n\t\t\t\t<div class=\"elementor-widget-container\">\n\t\t\t\t\t<div class=\"elementor-text-editor elementor-clearfix\"><p class=\"sangria\">2006 y 2008 Premio a la Excelencia en Producci\u00f3n m\u00e1s Limpia\n2008 Menci\u00f3n especial en la categor\u00eda, adopci\u00f3n de materiales, a nivel regional\nCertificaci\u00f3n del Centro Industrial Chinandega, Planta de Arroz en Buenas Pr\u00e1cticas de Manufactura valida a nivel Centroamericano.\nHomologaci\u00f3n de las normas y leyes regionales en temas de Seguridad Ocupacional, Medioambiente, legislaci\u00f3n nacional y normativa internacional (CODEX \u2013 FAO)<\/p><\/div>\n\t\t\t\t<\/div>\n\t\t\t\t<\/div>\n\t\t\t\t\t<\/div>\n\t\t<\/div>\n\t\t\t\t\t\t\t<\/div>\n\t\t<\/section>\n\t\t\t\t<section data-particle_enable=\"false\" data-particle-mobile-disabled=\"false\" class=\"elementor-section elementor-top-section elementor-element elementor-element-28f1531 elementor-section-boxed elementor-section-height-default elementor-section-height-default\" data-id=\"28f1531\" data-element_type=\"section\">\n\t\t\t\t\t\t<div class=\"elementor-container elementor-column-gap-wider\">\n\t\t\t\t\t<div class=\"elementor-column elementor-col-50 elementor-top-column elementor-element elementor-element-7f77ff4\" data-id=\"7f77ff4\" data-element_type=\"column\">\n\t\t\t<div class=\"elementor-widget-wrap elementor-element-populated\">\n\t\t\t\t\t\t\t\t<div class=\"elementor-element elementor-element-310f738 elementor-widget elementor-widget-heading bdevs-el heading\" data-id=\"310f738\" data-element_type=\"widget\" data-settings=\"{&quot;design_style&quot;:&quot;style_1&quot;}\" data-widget_type=\"heading.default\">\n\t\t\t\t<div class=\"elementor-widget-container\">\n\t\t\t        \r\n                    <div class=\"section__title section__title-3 wow fadeInUp\" data-wow-delay=\".2s\">\r\n                                <h3 class=\"section-title\">Algunos Premios Obtenidos de Higiene y Seguridad<\/h3>                            <\/div>\r\n            \r\n        \t\t<\/div>\n\t\t\t\t<\/div>\n\t\t\t\t<div class=\"elementor-element elementor-element-4923e9c elementor-widget elementor-widget-text-editor\" data-id=\"4923e9c\" data-element_type=\"widget\" data-widget_type=\"text-editor.default\">\n\t\t\t\t<div class=\"elementor-widget-container\">\n\t\t\t\t\t<div class=\"elementor-text-editor elementor-clearfix\"><ul><li>Premio Empresa Modelo en Higiene y Seguridad del Trabajo.<\/li><li>Menci\u00f3n Grandes Logros 2010.<\/li><li>Menci\u00f3n a la Excelencia 2011 y 2012.<\/li><li>Menci\u00f3n L\u00edder en Higiene y Seguridad del Trabajo 2013.<\/li><\/ul><\/div>\n\t\t\t\t<\/div>\n\t\t\t\t<\/div>\n\t\t\t\t\t<\/div>\n\t\t<\/div>\n\t\t\t\t<div class=\"elementor-column elementor-col-50 elementor-top-column elementor-element elementor-element-8aa211b\" data-id=\"8aa211b\" data-element_type=\"column\">\n\t\t\t<div class=\"elementor-widget-wrap elementor-element-populated\">\n\t\t\t\t\t\t\t\t<div class=\"elementor-element elementor-element-eb59ca9 elementor-widget elementor-widget-heading bdevs-el heading\" data-id=\"eb59ca9\" data-element_type=\"widget\" data-settings=\"{&quot;design_style&quot;:&quot;style_1&quot;}\" data-widget_type=\"heading.default\">\n\t\t\t\t<div class=\"elementor-widget-container\">\n\t\t\t        \r\n                    <div class=\"section__title section__title-3 wow fadeInUp\" data-wow-delay=\".2s\">\r\n                                <h3 class=\"section-title\">Innovaci\u00f3n en el Almacenamiento del Arroz.<\/h3>                            <\/div>\r\n            \r\n        \t\t<\/div>\n\t\t\t\t<\/div>\n\t\t\t\t<div class=\"elementor-element elementor-element-265ed60 elementor-widget elementor-widget-text-editor\" data-id=\"265ed60\" data-element_type=\"widget\" data-widget_type=\"text-editor.default\">\n\t\t\t\t<div class=\"elementor-widget-container\">\n\t\t\t\t\t<div class=\"elementor-text-editor elementor-clearfix\"><p class=\"sangria\">\u201cSilo bolsa\u201d, nueva tecnolog\u00eda que fue inventada en Alemania en los a\u00f1os 90 con fines industriales y desarrollada en Argentina para el almacenamiento de granos: como el ma\u00edz, la soya, el arroz. Este almacenamiento herm\u00e9tico tiene muchas ventajas, entre ellos reduciendo la incertidumbre y los riesgos y asegurando una mayor estabilidad en los precios para el productor.<\/p><\/div>\n\t\t\t\t<\/div>\n\t\t\t\t<\/div>\n\t\t\t\t\t<\/div>\n\t\t<\/div>\n\t\t\t\t\t\t\t<\/div>\n\t\t<\/section>\n\t\t\t\t\t\t<\/div>\n\t\t\t\t\t<\/div>\n\t\t","protected":false},"excerpt":{"rendered":"<p>DIVISI\u00d3N INDUSTRIAL Transforma la materia prima (arroz en granza) de los productores agr\u00edcolas en producto terminado para el consumo humano. Contando con las mejores pr\u00e1cticas de calidad, con personal certificado y con a\u00f1os de experiencia, utilizando a trav\u00e9s del proceso industrial maquinaria y equipos de \u00faltima generaci\u00f3n con tecnolog\u00eda integrada. Cuenta con 3 Centros Industriales [&hellip;]<\/p>\n","protected":false},"author":1,"featured_media":0,"parent":0,"menu_order":0,"comment_status":"closed","ping_status":"closed","template":"elementor_header_footer","meta":[],"acf":[],"_links":{"self":[{"href":"https:\/\/hostedbyexpresso.com\/clients\/agri2023\/wp-json\/wp\/v2\/pages\/1859"}],"collection":[{"href":"https:\/\/hostedbyexpresso.com\/clients\/agri2023\/wp-json\/wp\/v2\/pages"}],"about":[{"href":"https:\/\/hostedbyexpresso.com\/clients\/agri2023\/wp-json\/wp\/v2\/types\/page"}],"author":[{"embeddable":true,"href":"https:\/\/hostedbyexpresso.com\/clients\/agri2023\/wp-json\/wp\/v2\/users\/1"}],"replies":[{"embeddable":true,"href":"https:\/\/hostedbyexpresso.com\/clients\/agri2023\/wp-json\/wp\/v2\/comments?post=1859"}],"version-history":[{"count":88,"href":"https:\/\/hostedbyexpresso.com\/clients\/agri2023\/wp-json\/wp\/v2\/pages\/1859\/revisions"}],"predecessor-version":[{"id":6634,"href":"https:\/\/hostedbyexpresso.com\/clients\/agri2023\/wp-json\/wp\/v2\/pages\/1859\/revisions\/6634"}],"wp:attachment":[{"href":"https:\/\/hostedbyexpresso.com\/clients\/agri2023\/wp-json\/wp\/v2\/media?parent=1859"}],"curies":[{"name":"wp","href":"https:\/\/api.w.org\/{rel}","templated":true}]}}