{"id":1371,"date":"2021-04-05T14:53:26","date_gmt":"2021-04-05T14:53:26","guid":{"rendered":"https:\/\/hostedbyexpresso.com\/clients\/agri2023\/?page_id=1371"},"modified":"2022-11-28T19:32:46","modified_gmt":"2022-11-29T01:32:46","slug":"valores-principios","status":"publish","type":"page","link":"https:\/\/hostedbyexpresso.com\/clients\/agri2023\/valores-principios\/","title":{"rendered":"Valores y Principios"},"content":{"rendered":"\t\t<div data-elementor-type=\"wp-page\" data-elementor-id=\"1371\" class=\"elementor elementor-1371\" data-elementor-settings=\"[]\">\n\t\t\t\t\t\t\t<div class=\"elementor-section-wrap\">\n\t\t\t\t\t\t\t<section data-particle_enable=\"false\" data-particle-mobile-disabled=\"false\" class=\"elementor-section elementor-top-section elementor-element elementor-element-6566058 elementor-section-height-min-height elementor-section-boxed elementor-section-height-default elementor-section-items-middle\" data-id=\"6566058\" data-element_type=\"section\" data-settings=\"{&quot;background_background&quot;:&quot;classic&quot;}\">\n\t\t\t\t\t\t\t<div class=\"elementor-background-overlay\"><\/div>\n\t\t\t\t\t\t\t<div class=\"elementor-container elementor-column-gap-default\">\n\t\t\t\t\t<div class=\"elementor-column elementor-col-100 elementor-top-column elementor-element elementor-element-853a7f7\" data-id=\"853a7f7\" data-element_type=\"column\">\n\t\t\t<div class=\"elementor-widget-wrap\">\n\t\t\t\t\t\t\t\t\t<\/div>\n\t\t<\/div>\n\t\t\t\t\t\t\t<\/div>\n\t\t<\/section>\n\t\t\t\t<section data-particle_enable=\"false\" data-particle-mobile-disabled=\"false\" class=\"elementor-section elementor-top-section elementor-element elementor-element-0ba2a14 elementor-section-boxed elementor-section-height-default elementor-section-height-default\" data-id=\"0ba2a14\" data-element_type=\"section\" data-settings=\"{&quot;background_background&quot;:&quot;classic&quot;}\">\n\t\t\t\t\t\t<div class=\"elementor-container elementor-column-gap-default\">\n\t\t\t\t\t<div class=\"elementor-column elementor-col-16 elementor-top-column elementor-element elementor-element-908023e\" data-id=\"908023e\" data-element_type=\"column\">\n\t\t\t<div class=\"elementor-widget-wrap\">\n\t\t\t\t\t\t\t\t\t<\/div>\n\t\t<\/div>\n\t\t\t\t<div class=\"elementor-column elementor-col-66 elementor-top-column elementor-element elementor-element-566b859\" data-id=\"566b859\" data-element_type=\"column\" data-settings=\"{&quot;background_background&quot;:&quot;classic&quot;}\">\n\t\t\t<div class=\"elementor-widget-wrap elementor-element-populated\">\n\t\t\t\t\t\t\t\t<div class=\"elementor-element elementor-element-d108223 elementor-widget elementor-widget-heading bdevs-el heading\" data-id=\"d108223\" data-element_type=\"widget\" data-settings=\"{&quot;design_style&quot;:&quot;style_1&quot;}\" data-widget_type=\"heading.default\">\n\t\t\t\t<div class=\"elementor-widget-container\">\n\t\t\t        \r\n                    <div class=\"section__title section__title-3 wow fadeInUp\" data-wow-delay=\".2s\">\r\n                                <h2 class=\"section-title\">VALORES Y PRINCIPIOS<\/h2>                            <\/div>\r\n            \r\n        \t\t<\/div>\n\t\t\t\t<\/div>\n\t\t\t\t\t<\/div>\n\t\t<\/div>\n\t\t\t\t<div class=\"elementor-column elementor-col-16 elementor-top-column elementor-element elementor-element-1bd1bdb\" data-id=\"1bd1bdb\" data-element_type=\"column\">\n\t\t\t<div class=\"elementor-widget-wrap\">\n\t\t\t\t\t\t\t\t\t<\/div>\n\t\t<\/div>\n\t\t\t\t\t\t\t<\/div>\n\t\t<\/section>\n\t\t\t\t<section data-particle_enable=\"false\" data-particle-mobile-disabled=\"false\" class=\"elementor-section elementor-top-section elementor-element elementor-element-784489c elementor-section-full_width elementor-section-stretched elementor-section-height-default elementor-section-height-default\" data-id=\"784489c\" data-element_type=\"section\" data-settings=\"{&quot;stretch_section&quot;:&quot;section-stretched&quot;}\">\n\t\t\t\t\t\t<div class=\"elementor-container elementor-column-gap-default\">\n\t\t\t\t\t<div class=\"elementor-column elementor-col-33 elementor-top-column elementor-element elementor-element-54ff673\" data-id=\"54ff673\" data-element_type=\"column\">\n\t\t\t<div class=\"elementor-widget-wrap elementor-element-populated\">\n\t\t\t\t\t\t\t\t<div class=\"elementor-element elementor-element-a240dbd elementor-widget elementor-widget-image\" data-id=\"a240dbd\" data-element_type=\"widget\" data-widget_type=\"image.default\">\n\t\t\t\t<div class=\"elementor-widget-container\">\n\t\t\t\t\t<div class=\"elementor-image\">\n\t\t\t\t\t\t\t\t\t\t<img decoding=\"async\" src=\"https:\/\/hostedbyexpresso.com\/clients\/agri2023\/wp-content\/uploads\/elementor\/thumbs\/Asset-3-p8t1faitp4dequ852j6cy8jc2wllpwi7bo7jl4s83k.png\" title=\"Asset 3\" alt=\"Asset 3\" \/>\t\t\t\t\t\t\t\t\t\t\t<\/div>\n\t\t\t\t<\/div>\n\t\t\t\t<\/div>\n\t\t\t\t\t<\/div>\n\t\t<\/div>\n\t\t\t\t<div class=\"elementor-column elementor-col-33 elementor-top-column elementor-element elementor-element-9911523\" data-id=\"9911523\" data-element_type=\"column\">\n\t\t\t<div class=\"elementor-widget-wrap elementor-element-populated\">\n\t\t\t\t\t\t\t\t<div class=\"elementor-element elementor-element-e7fd7ac elementor-widget elementor-widget-image\" data-id=\"e7fd7ac\" data-element_type=\"widget\" data-widget_type=\"image.default\">\n\t\t\t\t<div class=\"elementor-widget-container\">\n\t\t\t\t\t<div class=\"elementor-image\">\n\t\t\t\t\t\t\t\t\t\t<img decoding=\"async\" src=\"https:\/\/hostedbyexpresso.com\/clients\/agri2023\/wp-content\/uploads\/elementor\/thumbs\/Asset-4-p8t1fmqq5yu4xrqe36gicngbswxdhyuppcoutqa3uo.png\" title=\"Asset 4\" alt=\"Asset 4\" \/>\t\t\t\t\t\t\t\t\t\t\t<\/div>\n\t\t\t\t<\/div>\n\t\t\t\t<\/div>\n\t\t\t\t\t<\/div>\n\t\t<\/div>\n\t\t\t\t<div class=\"elementor-column elementor-col-33 elementor-top-column elementor-element elementor-element-d250d9f\" data-id=\"d250d9f\" data-element_type=\"column\">\n\t\t\t<div class=\"elementor-widget-wrap elementor-element-populated\">\n\t\t\t\t\t\t\t\t<div class=\"elementor-element elementor-element-5073bc5 elementor-widget elementor-widget-image\" data-id=\"5073bc5\" data-element_type=\"widget\" data-widget_type=\"image.default\">\n\t\t\t\t<div class=\"elementor-widget-container\">\n\t\t\t\t\t<div class=\"elementor-image\">\n\t\t\t\t\t\t\t\t\t\t<img decoding=\"async\" src=\"https:\/\/hostedbyexpresso.com\/clients\/agri2023\/wp-content\/uploads\/elementor\/thumbs\/Asset-5-p8t1fx2y958ahhbdesxem2uec5ieumzrerv73rury8.png\" title=\"Asset 5\" alt=\"Asset 5\" \/>\t\t\t\t\t\t\t\t\t\t\t<\/div>\n\t\t\t\t<\/div>\n\t\t\t\t<\/div>\n\t\t\t\t\t<\/div>\n\t\t<\/div>\n\t\t\t\t\t\t\t<\/div>\n\t\t<\/section>\n\t\t\t\t<section data-particle_enable=\"false\" data-particle-mobile-disabled=\"false\" class=\"elementor-section elementor-top-section elementor-element elementor-element-407c169 elementor-section-boxed elementor-section-height-default elementor-section-height-default\" data-id=\"407c169\" data-element_type=\"section\">\n\t\t\t\t\t\t<div class=\"elementor-container elementor-column-gap-default\">\n\t\t\t\t\t<div class=\"elementor-column elementor-col-50 elementor-top-column elementor-element elementor-element-35a4862\" data-id=\"35a4862\" data-element_type=\"column\">\n\t\t\t<div class=\"elementor-widget-wrap elementor-element-populated\">\n\t\t\t\t\t\t\t\t<div class=\"elementor-element elementor-element-0e75890 elementor-widget elementor-widget-image\" data-id=\"0e75890\" data-element_type=\"widget\" data-widget_type=\"image.default\">\n\t\t\t\t<div class=\"elementor-widget-container\">\n\t\t\t\t\t<div class=\"elementor-image\">\n\t\t\t\t\t\t\t\t\t\t<img decoding=\"async\" src=\"https:\/\/hostedbyexpresso.com\/clients\/agri2023\/wp-content\/uploads\/elementor\/thumbs\/Asset-6-p8t1g9aupzp0oetmfg7k0hre25u6mpc9sgcicdcnpc.png\" title=\"Asset 6\" alt=\"Asset 6\" \/>\t\t\t\t\t\t\t\t\t\t\t<\/div>\n\t\t\t\t<\/div>\n\t\t\t\t<\/div>\n\t\t\t\t\t<\/div>\n\t\t<\/div>\n\t\t\t\t<div class=\"elementor-column elementor-col-50 elementor-top-column elementor-element elementor-element-3fbc3e9\" data-id=\"3fbc3e9\" data-element_type=\"column\">\n\t\t\t<div class=\"elementor-widget-wrap elementor-element-populated\">\n\t\t\t\t\t\t\t\t<div class=\"elementor-element elementor-element-094ea1c elementor-widget elementor-widget-image\" data-id=\"094ea1c\" data-element_type=\"widget\" data-widget_type=\"image.default\">\n\t\t\t\t<div class=\"elementor-widget-container\">\n\t\t\t\t\t<div class=\"elementor-image\">\n\t\t\t\t\t\t\t\t\t\t<img decoding=\"async\" src=\"https:\/\/hostedbyexpresso.com\/clients\/agri2023\/wp-content\/uploads\/elementor\/thumbs\/Asset-7-p8t1goc9rc9lu67rzmpl4dyrkbs21uzz6isa0sqcxs.png\" title=\"Asset 7\" alt=\"Asset 7\" \/>\t\t\t\t\t\t\t\t\t\t\t<\/div>\n\t\t\t\t<\/div>\n\t\t\t\t<\/div>\n\t\t\t\t\t<\/div>\n\t\t<\/div>\n\t\t\t\t\t\t\t<\/div>\n\t\t<\/section>\n\t\t\t\t<section data-particle_enable=\"false\" data-particle-mobile-disabled=\"false\" class=\"elementor-section elementor-top-section elementor-element elementor-element-2a77442 elementor-section-full_width elementor-section-stretched elementor-section-height-default elementor-section-height-default\" data-id=\"2a77442\" data-element_type=\"section\" data-settings=\"{&quot;stretch_section&quot;:&quot;section-stretched&quot;}\">\n\t\t\t\t\t\t<div class=\"elementor-container elementor-column-gap-wide\">\n\t\t\t\t\t<div class=\"elementor-column elementor-col-50 elementor-top-column elementor-element elementor-element-9d580ab\" data-id=\"9d580ab\" data-element_type=\"column\">\n\t\t\t<div class=\"elementor-widget-wrap elementor-element-populated\">\n\t\t\t\t\t\t\t\t<section data-particle_enable=\"false\" data-particle-mobile-disabled=\"false\" class=\"elementor-section elementor-inner-section elementor-element elementor-element-fa19cf6 elementor-section-boxed elementor-section-height-default elementor-section-height-default\" data-id=\"fa19cf6\" data-element_type=\"section\">\n\t\t\t\t\t\t<div class=\"elementor-container elementor-column-gap-default\">\n\t\t\t\t\t<div class=\"elementor-column elementor-col-50 elementor-inner-column elementor-element elementor-element-91c9def\" data-id=\"91c9def\" data-element_type=\"column\">\n\t\t\t<div class=\"elementor-widget-wrap elementor-element-populated\">\n\t\t\t\t\t\t\t\t<div class=\"elementor-element elementor-element-4217a84 elementor-widget elementor-widget-image\" data-id=\"4217a84\" data-element_type=\"widget\" data-widget_type=\"image.default\">\n\t\t\t\t<div class=\"elementor-widget-container\">\n\t\t\t\t\t<div class=\"elementor-image\">\n\t\t\t\t\t\t\t\t\t\t<img width=\"223\" height=\"218\" src=\"https:\/\/hostedbyexpresso.com\/clients\/agri2023\/wp-content\/uploads\/2021\/04\/mision.jpg\" class=\"attachment-large size-large\" alt=\"\" decoding=\"async\" loading=\"lazy\" \/>\t\t\t\t\t\t\t\t\t\t\t<\/div>\n\t\t\t\t<\/div>\n\t\t\t\t<\/div>\n\t\t\t\t\t<\/div>\n\t\t<\/div>\n\t\t\t\t<div class=\"elementor-column elementor-col-50 elementor-inner-column elementor-element elementor-element-16f2d85\" data-id=\"16f2d85\" data-element_type=\"column\">\n\t\t\t<div class=\"elementor-widget-wrap elementor-element-populated\">\n\t\t\t\t\t\t\t\t<div class=\"elementor-element elementor-element-5e0b2f4 elementor-widget elementor-widget-heading bdevs-el heading\" data-id=\"5e0b2f4\" data-element_type=\"widget\" data-settings=\"{&quot;design_style&quot;:&quot;style_1&quot;}\" data-widget_type=\"heading.default\">\n\t\t\t\t<div class=\"elementor-widget-container\">\n\t\t\t        \r\n                    <div class=\"section__title section__title-3 wow fadeInUp\" data-wow-delay=\".2s\">\r\n                                <h2 class=\"section-title\">Misi\u00f3n<\/h2>                            <\/div>\r\n            \r\n        \t\t<\/div>\n\t\t\t\t<\/div>\n\t\t\t\t\t<\/div>\n\t\t<\/div>\n\t\t\t\t\t\t\t<\/div>\n\t\t<\/section>\n\t\t\t\t<div class=\"elementor-element elementor-element-5f6bc61 elementor-widget elementor-widget-text-editor\" data-id=\"5f6bc61\" data-element_type=\"widget\" data-widget_type=\"text-editor.default\">\n\t\t\t\t<div class=\"elementor-widget-container\">\n\t\t\t\t\t<div class=\"elementor-text-editor elementor-clearfix\"><p class=\"sangria\">Generar Valor creciendo de manera rentable y sostenible, fortaleciendo a nuestros empleados.<\/p>\n<p class=\"sangria\">Nuestra misi\u00f3n nos compromete a imprimir valor a cada uno de nuestros procesos de producci\u00f3n, distribuci\u00f3n y comercializaci\u00f3n de productos alimenticios para mejorar el nivel de vida de nuestros accionistas, nuestros colaboradores y nuestros consumidores finales.<\/p><\/div>\n\t\t\t\t<\/div>\n\t\t\t\t<\/div>\n\t\t\t\t\t<\/div>\n\t\t<\/div>\n\t\t\t\t<div class=\"elementor-column elementor-col-50 elementor-top-column elementor-element elementor-element-be31101\" data-id=\"be31101\" data-element_type=\"column\">\n\t\t\t<div class=\"elementor-widget-wrap elementor-element-populated\">\n\t\t\t\t\t\t\t\t<section data-particle_enable=\"false\" data-particle-mobile-disabled=\"false\" class=\"elementor-section elementor-inner-section elementor-element elementor-element-85f5a4e elementor-section-boxed elementor-section-height-default elementor-section-height-default\" data-id=\"85f5a4e\" data-element_type=\"section\">\n\t\t\t\t\t\t<div class=\"elementor-container elementor-column-gap-default\">\n\t\t\t\t\t<div class=\"elementor-column elementor-col-50 elementor-inner-column elementor-element elementor-element-97362f5\" data-id=\"97362f5\" data-element_type=\"column\">\n\t\t\t<div class=\"elementor-widget-wrap elementor-element-populated\">\n\t\t\t\t\t\t\t\t<div class=\"elementor-element elementor-element-92fee30 elementor-widget elementor-widget-image\" data-id=\"92fee30\" data-element_type=\"widget\" data-widget_type=\"image.default\">\n\t\t\t\t<div class=\"elementor-widget-container\">\n\t\t\t\t\t<div class=\"elementor-image\">\n\t\t\t\t\t\t\t\t\t\t<img width=\"221\" height=\"220\" src=\"https:\/\/hostedbyexpresso.com\/clients\/agri2023\/wp-content\/uploads\/2021\/04\/Visionv2.jpg\" class=\"attachment-large size-large\" alt=\"\" decoding=\"async\" loading=\"lazy\" srcset=\"https:\/\/hostedbyexpresso.com\/clients\/agri2023\/wp-content\/uploads\/2021\/04\/Visionv2.jpg 221w, https:\/\/hostedbyexpresso.com\/clients\/agri2023\/wp-content\/uploads\/2021\/04\/Visionv2-150x150.jpg 150w\" sizes=\"(max-width: 221px) 100vw, 221px\" \/>\t\t\t\t\t\t\t\t\t\t\t<\/div>\n\t\t\t\t<\/div>\n\t\t\t\t<\/div>\n\t\t\t\t\t<\/div>\n\t\t<\/div>\n\t\t\t\t<div class=\"elementor-column elementor-col-50 elementor-inner-column elementor-element elementor-element-9f81133\" data-id=\"9f81133\" data-element_type=\"column\">\n\t\t\t<div class=\"elementor-widget-wrap elementor-element-populated\">\n\t\t\t\t\t\t\t\t<div class=\"elementor-element elementor-element-dc9603a elementor-widget elementor-widget-heading bdevs-el heading\" data-id=\"dc9603a\" data-element_type=\"widget\" data-settings=\"{&quot;design_style&quot;:&quot;style_1&quot;}\" data-widget_type=\"heading.default\">\n\t\t\t\t<div class=\"elementor-widget-container\">\n\t\t\t        \r\n                    <div class=\"section__title section__title-3 wow fadeInUp\" data-wow-delay=\".2s\">\r\n                                <h2 class=\"section-title\">Visi\u00f3n<\/h2>                            <\/div>\r\n            \r\n        \t\t<\/div>\n\t\t\t\t<\/div>\n\t\t\t\t\t<\/div>\n\t\t<\/div>\n\t\t\t\t\t\t\t<\/div>\n\t\t<\/section>\n\t\t\t\t<div class=\"elementor-element elementor-element-b0a8605 elementor-widget elementor-widget-text-editor\" data-id=\"b0a8605\" data-element_type=\"widget\" data-widget_type=\"text-editor.default\">\n\t\t\t\t<div class=\"elementor-widget-container\">\n\t\t\t\t\t<div class=\"elementor-text-editor elementor-clearfix\"><p class=\"sangria\">Grupo empresarial agroindustrial diversificado, dedicado a\nsatisfacer las necesidades esenciales de la poblaci\u00f3n donde\noperamos, gracias a la innovaci\u00f3n agr\u00edcola, la producci\u00f3n de\nalimentos y la optimizaci\u00f3n de las cadenas de abastecimiento<\/p>\n<p class=\"sangria\">\nTodos en Agri-Corp compartimos el sue\u00f1o de mejorar salud\nde nuestra sociedad, d\u00eda a d\u00eda, desde nuestro entorno\ninmediato y, para alcanzar este sue\u00f1o, ofrecemos productos\nsaludables, surtidos y de excelente calidad. As\u00ed, cada qui\u00e9n\ndesde su puesto de trabajo, cualquiera que sea, debe estar\nenfocado en vivir este sue\u00f1o y en participar para cumplirlo.<\/p><\/div>\n\t\t\t\t<\/div>\n\t\t\t\t<\/div>\n\t\t\t\t\t<\/div>\n\t\t<\/div>\n\t\t\t\t\t\t\t<\/div>\n\t\t<\/section>\n\t\t\t\t\t\t<\/div>\n\t\t\t\t\t<\/div>\n\t\t","protected":false},"excerpt":{"rendered":"<p>VALORES Y PRINCIPIOS Misi\u00f3n Generar Valor creciendo de manera rentable y sostenible, fortaleciendo a nuestros empleados. Nuestra misi\u00f3n nos compromete a imprimir valor a cada uno de nuestros procesos de producci\u00f3n, distribuci\u00f3n y comercializaci\u00f3n de productos alimenticios para mejorar el nivel de vida de nuestros accionistas, nuestros colaboradores y nuestros consumidores finales. Visi\u00f3n Grupo empresarial [&hellip;]<\/p>\n","protected":false},"author":1,"featured_media":0,"parent":0,"menu_order":0,"comment_status":"closed","ping_status":"closed","template":"elementor_header_footer","meta":[],"acf":[],"_links":{"self":[{"href":"https:\/\/hostedbyexpresso.com\/clients\/agri2023\/wp-json\/wp\/v2\/pages\/1371"}],"collection":[{"href":"https:\/\/hostedbyexpresso.com\/clients\/agri2023\/wp-json\/wp\/v2\/pages"}],"about":[{"href":"https:\/\/hostedbyexpresso.com\/clients\/agri2023\/wp-json\/wp\/v2\/types\/page"}],"author":[{"embeddable":true,"href":"https:\/\/hostedbyexpresso.com\/clients\/agri2023\/wp-json\/wp\/v2\/users\/1"}],"replies":[{"embeddable":true,"href":"https:\/\/hostedbyexpresso.com\/clients\/agri2023\/wp-json\/wp\/v2\/comments?post=1371"}],"version-history":[{"count":118,"href":"https:\/\/hostedbyexpresso.com\/clients\/agri2023\/wp-json\/wp\/v2\/pages\/1371\/revisions"}],"predecessor-version":[{"id":6789,"href":"https:\/\/hostedbyexpresso.com\/clients\/agri2023\/wp-json\/wp\/v2\/pages\/1371\/revisions\/6789"}],"wp:attachment":[{"href":"https:\/\/hostedbyexpresso.com\/clients\/agri2023\/wp-json\/wp\/v2\/media?parent=1371"}],"curies":[{"name":"wp","href":"https:\/\/api.w.org\/{rel}","templated":true}]}}